{"id":66394,"date":"2024-04-04T09:56:30","date_gmt":"2024-04-04T07:56:30","guid":{"rendered":"https:\/\/pop-co.fr\/index.php\/product\/nanoblock-dinosaures-parasaurolophus-au-bord-de-leau\/"},"modified":"2025-09-18T16:48:39","modified_gmt":"2025-09-18T14:48:39","slug":"nanoblock-dinosaures-parasaurolophus-au-bord-de-leau","status":"publish","type":"product","link":"https:\/\/pop-co.fr\/index.php\/product\/nanoblock-dinosaures-parasaurolophus-au-bord-de-leau\/","title":{"rendered":"NANOBLOCK &#8211; DINOSAURES &#8211; Parasaurolophus au bord de l&rsquo;eau"},"content":{"rendered":"<p>130 PIECES<br \/>\nNIVEAU 2\/5<\/p>\n<p>MINI BRIQUES : Les nanoblocks sont des jeux de micro construction avec des briques \u00e0 assembler pour obtenir des miniatures 3D de diff\u00e9rents mod\u00e8les.<br \/>\nKIT COMPLET : Kit comprenant les briques pour assembler la mini figurine (dont quelques briques suppl\u00e9mentaires) et les instructions d&rsquo;assemblage d\u00e9taill\u00e9es \u00e9tape par \u00e9tape.<br \/>\nACTIVIT\u00c9 DE PR\u00c9CISION : Un loisir minutieux et ludique, recommand\u00e9 \u00e0 partir de 12 ans.<\/p>\n","protected":false},"excerpt":{"rendered":"<p>130 PIECES NIVEAU 2\/5 MINI BRIQUES : Les nanoblocks sont des jeux de micro construction avec des briques \u00e0 assembler pour obtenir des miniatures 3D de diff\u00e9rents mod\u00e8les. KIT COMPLET : Kit comprenant les briques pour assembler la mini figurine (dont quelques briques suppl\u00e9mentaires) et les instructions d&rsquo;assemblage d\u00e9taill\u00e9es \u00e9tape par \u00e9tape. ACTIVIT\u00c9 DE PR\u00c9CISION [&hellip;]<\/p>\n","protected":false},"featured_media":358696,"comment_status":"open","ping_status":"closed","template":"","meta":[],"product_cat":[39,44],"product_tag":[],"aioseo_notices":[],"jetpack_sharing_enabled":true,"_links":{"self":[{"href":"https:\/\/pop-co.fr\/index.php\/wp-json\/wp\/v2\/product\/66394"}],"collection":[{"href":"https:\/\/pop-co.fr\/index.php\/wp-json\/wp\/v2\/product"}],"about":[{"href":"https:\/\/pop-co.fr\/index.php\/wp-json\/wp\/v2\/types\/product"}],"replies":[{"embeddable":true,"href":"https:\/\/pop-co.fr\/index.php\/wp-json\/wp\/v2\/comments?post=66394"}],"version-history":[{"count":0,"href":"https:\/\/pop-co.fr\/index.php\/wp-json\/wp\/v2\/product\/66394\/revisions"}],"wp:featuredmedia":[{"embeddable":true,"href":"https:\/\/pop-co.fr\/index.php\/wp-json\/wp\/v2\/media\/358696"}],"wp:attachment":[{"href":"https:\/\/pop-co.fr\/index.php\/wp-json\/wp\/v2\/media?parent=66394"}],"wp:term":[{"taxonomy":"product_cat","embeddable":true,"href":"https:\/\/pop-co.fr\/index.php\/wp-json\/wp\/v2\/product_cat?post=66394"},{"taxonomy":"product_tag","embeddable":true,"href":"https:\/\/pop-co.fr\/index.php\/wp-json\/wp\/v2\/product_tag?post=66394"}],"curies":[{"name":"wp","href":"https:\/\/api.w.org\/{rel}","templated":true}]}}