{"id":6646,"date":"2024-02-20T19:40:34","date_gmt":"2024-02-20T18:40:34","guid":{"rendered":"https:\/\/pop-co.fr\/index.php\/product\/sac-a-dos-loungefly-mha-logo-et-personnages\/"},"modified":"2024-06-26T09:29:03","modified_gmt":"2024-06-26T07:29:03","slug":"sac-a-dos-loungefly-mha-logo-et-personnages","status":"publish","type":"product","link":"https:\/\/pop-co.fr\/index.php\/product\/sac-a-dos-loungefly-mha-logo-et-personnages\/","title":{"rendered":"SAC A DOS LOUNGEFLY &#8211; MHA &#8211; Logo et Personnages"},"content":{"rendered":"<p>Trouvez votre Alter et r\u00e9alisez votre r\u00eave de devenir un h\u00e9ros professionnel avec la collection My Hero Academia de Loungefly !<\/p>\n<p>N\u00e9 sans pouvoirs sp\u00e9ciaux dans un monde o\u00f9 80% de la population en poss\u00e8de, Izuku Midoriya r\u00eave toujours de devenir un h\u00e9ros. Une rencontre inattendue avec le h\u00e9ros l\u00e9gendaire All Might lui donne une chance de changer son destin, mais il doit d&rsquo;abord ma\u00eetriser sa nouvelle bizarrerie. <\/p>\n<p>Sur la poche avant de la fermeture \u00e9clair, le nom de la s\u00e9rie appara\u00eet en anglais et en japonais. En haut, Izuku Midoriya pose avec ses camarades de classe et ses h\u00e9ros. Regardez bien et vous trouverez Tenya Iida, Tsuyu Asui, All Might, Ochaco Uraraka, Minoru Mineta, Katsuki Bakugo et Shoto Todoroki. Derri\u00e8re eux, un motif en relief du logo de l&rsquo;U.A. High School recouvre le sac d&rsquo;une impression allover. Qu&rsquo;il s&rsquo;agisse de fournitures scolaires ou de mat\u00e9riel d&rsquo;entra\u00eenement, ce mini-sac \u00e0 dos gardera vos effets personnels en s\u00e9curit\u00e9 lors de n&rsquo;importe quelle mission.<\/p>\n<p>Caract\u00e9ristiques du produit :<\/p>\n<p>Faux cuir<br \/>\nBretelles r\u00e9glables<br \/>\nApplique<br \/>\nD\u00e9tails imprim\u00e9s<\/p>\n","protected":false},"excerpt":{"rendered":"<p>Trouvez votre Alter et r\u00e9alisez votre r\u00eave de devenir un h\u00e9ros professionnel avec la collection My Hero Academia de Loungefly ! N\u00e9 sans pouvoirs sp\u00e9ciaux dans un monde o\u00f9 80% de la population en poss\u00e8de, Izuku Midoriya r\u00eave toujours de devenir un h\u00e9ros. Une rencontre inattendue avec le h\u00e9ros l\u00e9gendaire All Might lui donne une [&hellip;]<\/p>\n","protected":false},"featured_media":71656,"comment_status":"open","ping_status":"closed","template":"","meta":[],"product_cat":[47,48],"product_tag":[],"aioseo_notices":[],"jetpack_sharing_enabled":true,"_links":{"self":[{"href":"https:\/\/pop-co.fr\/index.php\/wp-json\/wp\/v2\/product\/6646"}],"collection":[{"href":"https:\/\/pop-co.fr\/index.php\/wp-json\/wp\/v2\/product"}],"about":[{"href":"https:\/\/pop-co.fr\/index.php\/wp-json\/wp\/v2\/types\/product"}],"replies":[{"embeddable":true,"href":"https:\/\/pop-co.fr\/index.php\/wp-json\/wp\/v2\/comments?post=6646"}],"version-history":[{"count":0,"href":"https:\/\/pop-co.fr\/index.php\/wp-json\/wp\/v2\/product\/6646\/revisions"}],"wp:featuredmedia":[{"embeddable":true,"href":"https:\/\/pop-co.fr\/index.php\/wp-json\/wp\/v2\/media\/71656"}],"wp:attachment":[{"href":"https:\/\/pop-co.fr\/index.php\/wp-json\/wp\/v2\/media?parent=6646"}],"wp:term":[{"taxonomy":"product_cat","embeddable":true,"href":"https:\/\/pop-co.fr\/index.php\/wp-json\/wp\/v2\/product_cat?post=6646"},{"taxonomy":"product_tag","embeddable":true,"href":"https:\/\/pop-co.fr\/index.php\/wp-json\/wp\/v2\/product_tag?post=6646"}],"curies":[{"name":"wp","href":"https:\/\/api.w.org\/{rel}","templated":true}]}}