{"id":66469,"date":"2024-04-04T10:02:14","date_gmt":"2024-04-04T08:02:14","guid":{"rendered":"https:\/\/pop-co.fr\/index.php\/product\/nanoblock-espace-astronaute\/"},"modified":"2025-07-29T12:09:11","modified_gmt":"2025-07-29T10:09:11","slug":"nanoblock-espace-astronaute","status":"publish","type":"product","link":"https:\/\/pop-co.fr\/index.php\/product\/nanoblock-espace-astronaute\/","title":{"rendered":"NANOBLOCK &#8211; ESPACE &#8211; Astronaute"},"content":{"rendered":"<p>120 PIECES<br \/>\nDIFFICULTE 3\/5<\/p>\n<p>MINI BRIQUES : Les nanoblocks sont des jeux de micro construction avec des briques \u00e0 assembler pour obtenir des miniatures 3D de diff\u00e9rents mod\u00e8les.<br \/>\nKIT COMPLET : Kit comprenant les briques pour assembler la mini figurine (dont quelques briques suppl\u00e9mentaires) et les instructions d&rsquo;assemblage d\u00e9taill\u00e9es \u00e9tape par \u00e9tape.<br \/>\nACTIVIT\u00c9 DE PR\u00c9CISION : Un loisir minutieux et ludique, recommand\u00e9 \u00e0 partir de 12 ans.<\/p>\n","protected":false},"excerpt":{"rendered":"<p>120 PIECES DIFFICULTE 3\/5 MINI BRIQUES : Les nanoblocks sont des jeux de micro construction avec des briques \u00e0 assembler pour obtenir des miniatures 3D de diff\u00e9rents mod\u00e8les. KIT COMPLET : Kit comprenant les briques pour assembler la mini figurine (dont quelques briques suppl\u00e9mentaires) et les instructions d&rsquo;assemblage d\u00e9taill\u00e9es \u00e9tape par \u00e9tape. ACTIVIT\u00c9 DE PR\u00c9CISION [&hellip;]<\/p>\n","protected":false},"featured_media":356767,"comment_status":"open","ping_status":"closed","template":"","meta":[],"product_cat":[39],"product_tag":[],"aioseo_notices":[],"jetpack_sharing_enabled":true,"_links":{"self":[{"href":"https:\/\/pop-co.fr\/index.php\/wp-json\/wp\/v2\/product\/66469"}],"collection":[{"href":"https:\/\/pop-co.fr\/index.php\/wp-json\/wp\/v2\/product"}],"about":[{"href":"https:\/\/pop-co.fr\/index.php\/wp-json\/wp\/v2\/types\/product"}],"replies":[{"embeddable":true,"href":"https:\/\/pop-co.fr\/index.php\/wp-json\/wp\/v2\/comments?post=66469"}],"version-history":[{"count":0,"href":"https:\/\/pop-co.fr\/index.php\/wp-json\/wp\/v2\/product\/66469\/revisions"}],"wp:featuredmedia":[{"embeddable":true,"href":"https:\/\/pop-co.fr\/index.php\/wp-json\/wp\/v2\/media\/356767"}],"wp:attachment":[{"href":"https:\/\/pop-co.fr\/index.php\/wp-json\/wp\/v2\/media?parent=66469"}],"wp:term":[{"taxonomy":"product_cat","embeddable":true,"href":"https:\/\/pop-co.fr\/index.php\/wp-json\/wp\/v2\/product_cat?post=66469"},{"taxonomy":"product_tag","embeddable":true,"href":"https:\/\/pop-co.fr\/index.php\/wp-json\/wp\/v2\/product_tag?post=66469"}],"curies":[{"name":"wp","href":"https:\/\/api.w.org\/{rel}","templated":true}]}}