{"id":67303,"date":"2024-04-04T15:06:54","date_gmt":"2024-04-04T13:06:54","guid":{"rendered":"https:\/\/pop-co.fr\/index.php\/product\/jujutsu-kaisen-pop-n1115-mahito-2\/"},"modified":"2025-07-29T11:55:26","modified_gmt":"2025-07-29T09:55:26","slug":"jujutsu-kaisen-pop-n1115-mahito-2","status":"publish","type":"product","link":"https:\/\/pop-co.fr\/index.php\/product\/jujutsu-kaisen-pop-n1115-mahito-2\/","title":{"rendered":"JUJUTSU KAISEN &#8211; POP N\u00b01115 Mahito"},"content":{"rendered":"<p>Pop Jujutsu Kaisen : Mahito,<\/p>\n<p>mesure 9cm,<\/p>\n<p>produit pr\u00e9sent\u00e9 en bo\u00eete vitrine.<\/p>\n","protected":false},"excerpt":{"rendered":"<p>Pop Jujutsu Kaisen : Mahito, mesure 9cm, produit pr\u00e9sent\u00e9 en bo\u00eete vitrine.<\/p>\n","protected":false},"featured_media":356519,"comment_status":"open","ping_status":"closed","template":"","meta":[],"product_cat":[17,28],"product_tag":[],"aioseo_notices":[],"jetpack_sharing_enabled":true,"_links":{"self":[{"href":"https:\/\/pop-co.fr\/index.php\/wp-json\/wp\/v2\/product\/67303"}],"collection":[{"href":"https:\/\/pop-co.fr\/index.php\/wp-json\/wp\/v2\/product"}],"about":[{"href":"https:\/\/pop-co.fr\/index.php\/wp-json\/wp\/v2\/types\/product"}],"replies":[{"embeddable":true,"href":"https:\/\/pop-co.fr\/index.php\/wp-json\/wp\/v2\/comments?post=67303"}],"version-history":[{"count":0,"href":"https:\/\/pop-co.fr\/index.php\/wp-json\/wp\/v2\/product\/67303\/revisions"}],"wp:featuredmedia":[{"embeddable":true,"href":"https:\/\/pop-co.fr\/index.php\/wp-json\/wp\/v2\/media\/356519"}],"wp:attachment":[{"href":"https:\/\/pop-co.fr\/index.php\/wp-json\/wp\/v2\/media?parent=67303"}],"wp:term":[{"taxonomy":"product_cat","embeddable":true,"href":"https:\/\/pop-co.fr\/index.php\/wp-json\/wp\/v2\/product_cat?post=67303"},{"taxonomy":"product_tag","embeddable":true,"href":"https:\/\/pop-co.fr\/index.php\/wp-json\/wp\/v2\/product_tag?post=67303"}],"curies":[{"name":"wp","href":"https:\/\/api.w.org\/{rel}","templated":true}]}}