{"id":6811,"date":"2024-02-20T19:45:50","date_gmt":"2024-02-20T18:45:50","guid":{"rendered":"https:\/\/pop-co.fr\/index.php\/product\/disney-villains-figurine-24cm\/"},"modified":"2024-08-25T02:15:35","modified_gmt":"2024-08-25T00:15:35","slug":"disney-villains-figurine-24cm","status":"publish","type":"product","link":"https:\/\/pop-co.fr\/index.php\/product\/disney-villains-figurine-24cm\/","title":{"rendered":"DISNEY &#8211; Villains &#8211; Figurine 24cm"},"content":{"rendered":"<p>DISNEY TRADITIONS &#8211; Villains &#8211; Statuette Enesco 24cm<\/p>\n<p>Jim Shore poursuit sa s\u00e9rie Carved by Heart en rendant hommage aux m\u00e9chants de Disney. Con\u00e7ue par l&rsquo;artiste et sculpteur prim\u00e9 Jim Shore pour la marque Disney Tradition. La figurine est en r\u00e9sine. Il ne s&rsquo;agit pas d&rsquo;un jouet ou d&rsquo;un produit pour enfants. Destin\u00e9e uniquement aux adultes.<\/p>\n<p>Hauteur : 24 cm<br \/>\nLargeur : 17cm<br \/>\nProfondeur : 18cm<\/p>\n","protected":false},"excerpt":{"rendered":"<p>DISNEY TRADITIONS &#8211; Villains &#8211; Statuette Enesco 24cm Jim Shore poursuit sa s\u00e9rie Carved by Heart en rendant hommage aux m\u00e9chants de Disney. Con\u00e7ue par l&rsquo;artiste et sculpteur prim\u00e9 Jim Shore pour la marque Disney Tradition. La figurine est en r\u00e9sine. Il ne s&rsquo;agit pas d&rsquo;un jouet ou d&rsquo;un produit pour enfants. Destin\u00e9e uniquement aux [&hellip;]<\/p>\n","protected":false},"featured_media":151017,"comment_status":"open","ping_status":"closed","template":"","meta":[],"product_cat":[29],"product_tag":[],"aioseo_notices":[],"jetpack_sharing_enabled":true,"_links":{"self":[{"href":"https:\/\/pop-co.fr\/index.php\/wp-json\/wp\/v2\/product\/6811"}],"collection":[{"href":"https:\/\/pop-co.fr\/index.php\/wp-json\/wp\/v2\/product"}],"about":[{"href":"https:\/\/pop-co.fr\/index.php\/wp-json\/wp\/v2\/types\/product"}],"replies":[{"embeddable":true,"href":"https:\/\/pop-co.fr\/index.php\/wp-json\/wp\/v2\/comments?post=6811"}],"version-history":[{"count":0,"href":"https:\/\/pop-co.fr\/index.php\/wp-json\/wp\/v2\/product\/6811\/revisions"}],"wp:featuredmedia":[{"embeddable":true,"href":"https:\/\/pop-co.fr\/index.php\/wp-json\/wp\/v2\/media\/151017"}],"wp:attachment":[{"href":"https:\/\/pop-co.fr\/index.php\/wp-json\/wp\/v2\/media?parent=6811"}],"wp:term":[{"taxonomy":"product_cat","embeddable":true,"href":"https:\/\/pop-co.fr\/index.php\/wp-json\/wp\/v2\/product_cat?post=6811"},{"taxonomy":"product_tag","embeddable":true,"href":"https:\/\/pop-co.fr\/index.php\/wp-json\/wp\/v2\/product_tag?post=6811"}],"curies":[{"name":"wp","href":"https:\/\/api.w.org\/{rel}","templated":true}]}}