{"id":6831,"date":"2024-02-20T19:46:11","date_gmt":"2024-02-20T18:46:11","guid":{"rendered":"https:\/\/pop-co.fr\/index.php\/product\/jujutsu-kaisen-pop-n1113-nobara-kugisaki\/"},"modified":"2025-07-29T11:00:49","modified_gmt":"2025-07-29T09:00:49","slug":"jujutsu-kaisen-pop-n1113-nobara-kugisaki","status":"publish","type":"product","link":"https:\/\/pop-co.fr\/index.php\/product\/jujutsu-kaisen-pop-n1113-nobara-kugisaki\/","title":{"rendered":"JUJUTSU KAISEN &#8211; POP N\u00b01113 Nobara Kugisaki"},"content":{"rendered":"<p>Jujutsu Kaisen est une s\u00e9rie manga\/anime japonaise qui suit l&rsquo;histoire d&rsquo;un lyc\u00e9en, Yuji Itadori, alors qu&rsquo;il rejoint une organisation secr\u00e8te de sorciers Jujutsu afin de tuer une puissante mal\u00e9diction nomm\u00e9e Ryomen Sukuna, dont Yuji devient l&rsquo;h\u00f4te.<\/p>\n<p>Ce Pop ! pr\u00e9sente Nobara Kugisaki, une \u00e9tudiante de premi\u00e8re ann\u00e9e et sorci\u00e8re de jujutsu de grade 3 au Tokyo Jujutsu High, \u00e9tudiant sous la direction de Satoru Gojo aux c\u00f4t\u00e9s de Yuji et Megumi.<\/p>\n<p>Ajoutez les figurines Jujutsu Kaisen Pop ! Vinyl Jujutsu Kaisen \u00e0 votre collection Funko !<\/p>\n","protected":false},"excerpt":{"rendered":"<p>Jujutsu Kaisen est une s\u00e9rie manga\/anime japonaise qui suit l&rsquo;histoire d&rsquo;un lyc\u00e9en, Yuji Itadori, alors qu&rsquo;il rejoint une organisation secr\u00e8te de sorciers Jujutsu afin de tuer une puissante mal\u00e9diction nomm\u00e9e Ryomen Sukuna, dont Yuji devient l&rsquo;h\u00f4te. Ce Pop ! pr\u00e9sente Nobara Kugisaki, une \u00e9tudiante de premi\u00e8re ann\u00e9e et sorci\u00e8re de jujutsu de grade 3 au [&hellip;]<\/p>\n","protected":false},"featured_media":355903,"comment_status":"open","ping_status":"closed","template":"","meta":[],"product_cat":[17,28],"product_tag":[],"aioseo_notices":[],"jetpack_sharing_enabled":true,"_links":{"self":[{"href":"https:\/\/pop-co.fr\/index.php\/wp-json\/wp\/v2\/product\/6831"}],"collection":[{"href":"https:\/\/pop-co.fr\/index.php\/wp-json\/wp\/v2\/product"}],"about":[{"href":"https:\/\/pop-co.fr\/index.php\/wp-json\/wp\/v2\/types\/product"}],"replies":[{"embeddable":true,"href":"https:\/\/pop-co.fr\/index.php\/wp-json\/wp\/v2\/comments?post=6831"}],"version-history":[{"count":0,"href":"https:\/\/pop-co.fr\/index.php\/wp-json\/wp\/v2\/product\/6831\/revisions"}],"wp:featuredmedia":[{"embeddable":true,"href":"https:\/\/pop-co.fr\/index.php\/wp-json\/wp\/v2\/media\/355903"}],"wp:attachment":[{"href":"https:\/\/pop-co.fr\/index.php\/wp-json\/wp\/v2\/media?parent=6831"}],"wp:term":[{"taxonomy":"product_cat","embeddable":true,"href":"https:\/\/pop-co.fr\/index.php\/wp-json\/wp\/v2\/product_cat?post=6831"},{"taxonomy":"product_tag","embeddable":true,"href":"https:\/\/pop-co.fr\/index.php\/wp-json\/wp\/v2\/product_tag?post=6831"}],"curies":[{"name":"wp","href":"https:\/\/api.w.org\/{rel}","templated":true}]}}