{"id":6838,"date":"2024-02-20T19:46:18","date_gmt":"2024-02-20T18:46:18","guid":{"rendered":"https:\/\/pop-co.fr\/index.php\/product\/mug-jujutsu-kaisen-yuji-itadori-et-sukuna\/"},"modified":"2025-06-28T14:19:00","modified_gmt":"2025-06-28T12:19:00","slug":"mug-jujutsu-kaisen-yuji-itadori-et-sukuna","status":"publish","type":"product","link":"https:\/\/pop-co.fr\/index.php\/product\/mug-jujutsu-kaisen-yuji-itadori-et-sukuna\/","title":{"rendered":"MUG &#8211; JUJUTSU KAISEN &#8211; Yuji Itadori et Sukuna"},"content":{"rendered":"<p>Avec Sukuna qui vit en lui, Itadori doit faire attention \u00e0 toujours garder le contr\u00f4le pour ne pas faire de ravages ! Vous retrouverez le Roi des Fl\u00e9aux et l&rsquo;exorciste sur ce mug Jujutsu Kaisen par ABYstyle !<\/p>\n<p>&#8211; Mug en c\u00e9ramique de haute qualit\u00e9. Contenance standard (320 ml)<br \/>\n&#8211; Packaging : bo\u00eete cartonn\u00e9e noire permettant de prot\u00e9ger le mug tout en assurant une visibilit\u00e9 \u00e0 360\u00b0.<br \/>\n&#8211; Convient aux micro-ondes et lave-vaisselle.<\/p>\n","protected":false},"excerpt":{"rendered":"<p>Avec Sukuna qui vit en lui, Itadori doit faire attention \u00e0 toujours garder le contr\u00f4le pour ne pas faire de ravages ! Vous retrouverez le Roi des Fl\u00e9aux et l&rsquo;exorciste sur ce mug Jujutsu Kaisen par ABYstyle ! &#8211; Mug en c\u00e9ramique de haute qualit\u00e9. Contenance standard (320 ml) &#8211; Packaging : bo\u00eete cartonn\u00e9e noire [&hellip;]<\/p>\n","protected":false},"featured_media":151023,"comment_status":"open","ping_status":"closed","template":"","meta":[],"product_cat":[28,17],"product_tag":[],"aioseo_notices":[],"jetpack_sharing_enabled":true,"_links":{"self":[{"href":"https:\/\/pop-co.fr\/index.php\/wp-json\/wp\/v2\/product\/6838"}],"collection":[{"href":"https:\/\/pop-co.fr\/index.php\/wp-json\/wp\/v2\/product"}],"about":[{"href":"https:\/\/pop-co.fr\/index.php\/wp-json\/wp\/v2\/types\/product"}],"replies":[{"embeddable":true,"href":"https:\/\/pop-co.fr\/index.php\/wp-json\/wp\/v2\/comments?post=6838"}],"version-history":[{"count":0,"href":"https:\/\/pop-co.fr\/index.php\/wp-json\/wp\/v2\/product\/6838\/revisions"}],"wp:featuredmedia":[{"embeddable":true,"href":"https:\/\/pop-co.fr\/index.php\/wp-json\/wp\/v2\/media\/151023"}],"wp:attachment":[{"href":"https:\/\/pop-co.fr\/index.php\/wp-json\/wp\/v2\/media?parent=6838"}],"wp:term":[{"taxonomy":"product_cat","embeddable":true,"href":"https:\/\/pop-co.fr\/index.php\/wp-json\/wp\/v2\/product_cat?post=6838"},{"taxonomy":"product_tag","embeddable":true,"href":"https:\/\/pop-co.fr\/index.php\/wp-json\/wp\/v2\/product_tag?post=6838"}],"curies":[{"name":"wp","href":"https:\/\/api.w.org\/{rel}","templated":true}]}}