{"id":68526,"date":"2024-04-29T16:23:51","date_gmt":"2024-04-29T14:23:51","guid":{"rendered":"https:\/\/pop-co.fr\/index.php\/product\/disney-pop-n495-mufasa-le-roi-lion\/"},"modified":"2025-06-28T12:46:07","modified_gmt":"2025-06-28T10:46:07","slug":"disney-pop-n495-mufasa-le-roi-lion","status":"publish","type":"product","link":"https:\/\/pop-co.fr\/index.php\/product\/disney-pop-n495-mufasa-le-roi-lion\/","title":{"rendered":"DISNEY &#8211; POP N\u00b0495 &#8211; Mufasa (Le roi lion)"},"content":{"rendered":"<p>Tout droit venu des terres de la fiert\u00e9, Funko pr\u00e9sente une nouvelle vague adorable de figurines en vinyle du Roi Lion Pop ! Vinyle de Funko !<\/p>\n<p>Depuis sa sortie en 1994, \u00a0\u00bb Le Roi Lion \u00a0\u00bb est devenu l&rsquo;un des films Disney les plus appr\u00e9ci\u00e9s jamais produits. Maintenant qu&rsquo;un remake \u00a0\u00bb live-action \u00a0\u00bb est pr\u00e9vu pour juin 2019, une toute nouvelle g\u00e9n\u00e9ration de fans de Disney va \u00eatre inspir\u00e9e par le voyage de Simba en tant qu&rsquo;h\u00e9ritier du tr\u00f4ne.<\/p>\n<p>Ce Pop ! repr\u00e9sente Mufasa, le p\u00e8re de Simba et roi des terres de la fiert\u00e9, plus puissant que jamais.<\/p>\n<p>Ajoutez-le \u00e0 votre collection Funko d\u00e8s aujourd&rsquo;hui !<\/p>\n","protected":false},"excerpt":{"rendered":"<p>Tout droit venu des terres de la fiert\u00e9, Funko pr\u00e9sente une nouvelle vague adorable de figurines en vinyle du Roi Lion Pop ! Vinyle de Funko ! Depuis sa sortie en 1994, \u00a0\u00bb Le Roi Lion \u00a0\u00bb est devenu l&rsquo;un des films Disney les plus appr\u00e9ci\u00e9s jamais produits. Maintenant qu&rsquo;un remake \u00a0\u00bb live-action \u00a0\u00bb est [&hellip;]<\/p>\n","protected":false},"featured_media":165366,"comment_status":"open","ping_status":"closed","template":"","meta":[],"product_cat":[29],"product_tag":[],"aioseo_notices":[],"jetpack_sharing_enabled":true,"_links":{"self":[{"href":"https:\/\/pop-co.fr\/index.php\/wp-json\/wp\/v2\/product\/68526"}],"collection":[{"href":"https:\/\/pop-co.fr\/index.php\/wp-json\/wp\/v2\/product"}],"about":[{"href":"https:\/\/pop-co.fr\/index.php\/wp-json\/wp\/v2\/types\/product"}],"replies":[{"embeddable":true,"href":"https:\/\/pop-co.fr\/index.php\/wp-json\/wp\/v2\/comments?post=68526"}],"version-history":[{"count":0,"href":"https:\/\/pop-co.fr\/index.php\/wp-json\/wp\/v2\/product\/68526\/revisions"}],"wp:featuredmedia":[{"embeddable":true,"href":"https:\/\/pop-co.fr\/index.php\/wp-json\/wp\/v2\/media\/165366"}],"wp:attachment":[{"href":"https:\/\/pop-co.fr\/index.php\/wp-json\/wp\/v2\/media?parent=68526"}],"wp:term":[{"taxonomy":"product_cat","embeddable":true,"href":"https:\/\/pop-co.fr\/index.php\/wp-json\/wp\/v2\/product_cat?post=68526"},{"taxonomy":"product_tag","embeddable":true,"href":"https:\/\/pop-co.fr\/index.php\/wp-json\/wp\/v2\/product_tag?post=68526"}],"curies":[{"name":"wp","href":"https:\/\/api.w.org\/{rel}","templated":true}]}}