{"id":68540,"date":"2024-04-29T16:24:35","date_gmt":"2024-04-29T14:24:35","guid":{"rendered":"https:\/\/pop-co.fr\/index.php\/product\/kit-decouverte-monnaie-naruto\/"},"modified":"2025-07-28T17:00:12","modified_gmt":"2025-07-28T15:00:12","slug":"kit-decouverte-monnaie-naruto","status":"publish","type":"product","link":"https:\/\/pop-co.fr\/index.php\/product\/kit-decouverte-monnaie-naruto\/","title":{"rendered":"KIT DECOUVERTE &#8211; MONNAIE DE PARIS &#8211; M\u00e9daille Naruto"},"content":{"rendered":"<p>*ATTENTION PRODUIT AL\u00c9ATOIRE NE POUVANT \u00caTRE RETOURN\u00c9*<br \/>\nX1 Album + x2 m\u00e9dailles myst\u00e8res<\/p>\n<p>Id\u00e9al pour commencer votre collection Monnaie de Paris Naruto, ce kit de d\u00e9couverte contient 1 album vide Monnaie de Paris \u00e0 l&rsquo;effigie de l&rsquo;univers du manga Naruto permettant de ranger votre collection de mini-m\u00e9dailles.<\/p>\n","protected":false},"excerpt":{"rendered":"<p>*ATTENTION PRODUIT AL\u00c9ATOIRE NE POUVANT \u00caTRE RETOURN\u00c9* X1 Album + x2 m\u00e9dailles myst\u00e8res Id\u00e9al pour commencer votre collection Monnaie de Paris Naruto, ce kit de d\u00e9couverte contient 1 album vide Monnaie de Paris \u00e0 l&rsquo;effigie de l&rsquo;univers du manga Naruto permettant de ranger votre collection de mini-m\u00e9dailles.<\/p>\n","protected":false},"featured_media":355344,"comment_status":"open","ping_status":"closed","template":"","meta":[],"product_cat":[17,21],"product_tag":[],"aioseo_notices":[],"jetpack_sharing_enabled":true,"_links":{"self":[{"href":"https:\/\/pop-co.fr\/index.php\/wp-json\/wp\/v2\/product\/68540"}],"collection":[{"href":"https:\/\/pop-co.fr\/index.php\/wp-json\/wp\/v2\/product"}],"about":[{"href":"https:\/\/pop-co.fr\/index.php\/wp-json\/wp\/v2\/types\/product"}],"replies":[{"embeddable":true,"href":"https:\/\/pop-co.fr\/index.php\/wp-json\/wp\/v2\/comments?post=68540"}],"version-history":[{"count":0,"href":"https:\/\/pop-co.fr\/index.php\/wp-json\/wp\/v2\/product\/68540\/revisions"}],"wp:featuredmedia":[{"embeddable":true,"href":"https:\/\/pop-co.fr\/index.php\/wp-json\/wp\/v2\/media\/355344"}],"wp:attachment":[{"href":"https:\/\/pop-co.fr\/index.php\/wp-json\/wp\/v2\/media?parent=68540"}],"wp:term":[{"taxonomy":"product_cat","embeddable":true,"href":"https:\/\/pop-co.fr\/index.php\/wp-json\/wp\/v2\/product_cat?post=68540"},{"taxonomy":"product_tag","embeddable":true,"href":"https:\/\/pop-co.fr\/index.php\/wp-json\/wp\/v2\/product_tag?post=68540"}],"curies":[{"name":"wp","href":"https:\/\/api.w.org\/{rel}","templated":true}]}}