{"id":68544,"date":"2024-04-29T16:24:57","date_gmt":"2024-04-29T14:24:57","guid":{"rendered":"https:\/\/pop-co.fr\/index.php\/product\/one-piece-pop-deluxe-n1596-yamato-man-beast-form\/"},"modified":"2025-07-08T13:27:21","modified_gmt":"2025-07-08T11:27:21","slug":"one-piece-pop-deluxe-n1596-yamato-man-beast-form","status":"publish","type":"product","link":"https:\/\/pop-co.fr\/index.php\/product\/one-piece-pop-deluxe-n1596-yamato-man-beast-form\/","title":{"rendered":"ONE PIECE &#8211; POP Deluxe N\u00b01596 Yamato Man-Beast Form"},"content":{"rendered":"<p>Battez Kaido avec ce Deluxe Pop ! Yamato sous forme d&rsquo;homme-b\u00eate ! Ce samoura\u00ef cherche \u00e0 lib\u00e9rer le pays Wano avec l&rsquo;aide de Luffy dans votre collection One Piece.<\/p>\n","protected":false},"excerpt":{"rendered":"<p>Battez Kaido avec ce Deluxe Pop ! Yamato sous forme d&rsquo;homme-b\u00eate ! Ce samoura\u00ef cherche \u00e0 lib\u00e9rer le pays Wano avec l&rsquo;aide de Luffy dans votre collection One Piece.<\/p>\n","protected":false},"featured_media":353900,"comment_status":"open","ping_status":"closed","template":"","meta":[],"product_cat":[17,22],"product_tag":[],"aioseo_notices":[],"jetpack_sharing_enabled":true,"_links":{"self":[{"href":"https:\/\/pop-co.fr\/index.php\/wp-json\/wp\/v2\/product\/68544"}],"collection":[{"href":"https:\/\/pop-co.fr\/index.php\/wp-json\/wp\/v2\/product"}],"about":[{"href":"https:\/\/pop-co.fr\/index.php\/wp-json\/wp\/v2\/types\/product"}],"replies":[{"embeddable":true,"href":"https:\/\/pop-co.fr\/index.php\/wp-json\/wp\/v2\/comments?post=68544"}],"version-history":[{"count":0,"href":"https:\/\/pop-co.fr\/index.php\/wp-json\/wp\/v2\/product\/68544\/revisions"}],"wp:featuredmedia":[{"embeddable":true,"href":"https:\/\/pop-co.fr\/index.php\/wp-json\/wp\/v2\/media\/353900"}],"wp:attachment":[{"href":"https:\/\/pop-co.fr\/index.php\/wp-json\/wp\/v2\/media?parent=68544"}],"wp:term":[{"taxonomy":"product_cat","embeddable":true,"href":"https:\/\/pop-co.fr\/index.php\/wp-json\/wp\/v2\/product_cat?post=68544"},{"taxonomy":"product_tag","embeddable":true,"href":"https:\/\/pop-co.fr\/index.php\/wp-json\/wp\/v2\/product_tag?post=68544"}],"curies":[{"name":"wp","href":"https:\/\/api.w.org\/{rel}","templated":true}]}}