{"id":68571,"date":"2024-04-29T16:26:23","date_gmt":"2024-04-29T14:26:23","guid":{"rendered":"https:\/\/pop-co.fr\/index.php\/product\/sonny-angel-collection-fruits-figurine-mystere\/"},"modified":"2025-06-28T12:47:13","modified_gmt":"2025-06-28T10:47:13","slug":"sonny-angel-collection-fruits-figurine-mystere","status":"publish","type":"product","link":"https:\/\/pop-co.fr\/index.php\/product\/sonny-angel-collection-fruits-figurine-mystere\/","title":{"rendered":"SONNY ANGEL &#8211; Collection fruits &#8211; Figurine myst\u00e8re"},"content":{"rendered":"<p>*ATTENTION PRODUIT AL\u00c9ATOIRE NE POUVANT \u00caTRE RETOURN\u00c9*<br \/>\nx1 Figurine PVC 7-10cm<\/p>\n<p>Composez votre salade de fruit gr\u00e2ce \u00e0 la s\u00e9rie regular Sonny Angel fruits !<\/p>\n<p>Chaque bo\u00eete est surprise, vous pourrez ainsi d\u00e9couvrir le personnage qui s&rsquo;y cache \u00e0 l&rsquo;ouverture.<\/p>\n<p>Chaque bo\u00eete est surprise, vous pourrez ainsi d\u00e9couvrir le personnage qui s&rsquo;y cache \u00e0 l&rsquo;ouverture.<\/p>\n<p>Parmi ces douze figurines, vous avez 1 chance sur 144 de trouver le myst\u00e9rieux \u00ab secret \u00bb ou le c\u00e9l\u00e8bre Robby.<\/p>\n","protected":false},"excerpt":{"rendered":"<p>*ATTENTION PRODUIT AL\u00c9ATOIRE NE POUVANT \u00caTRE RETOURN\u00c9* x1 Figurine PVC 7-10cm Composez votre salade de fruit gr\u00e2ce \u00e0 la s\u00e9rie regular Sonny Angel fruits ! Chaque bo\u00eete est surprise, vous pourrez ainsi d\u00e9couvrir le personnage qui s&rsquo;y cache \u00e0 l&rsquo;ouverture. Chaque bo\u00eete est surprise, vous pourrez ainsi d\u00e9couvrir le personnage qui s&rsquo;y cache \u00e0 l&rsquo;ouverture. [&hellip;]<\/p>\n","protected":false},"featured_media":346649,"comment_status":"open","ping_status":"closed","template":"","meta":[],"product_cat":[39,67],"product_tag":[],"aioseo_notices":[],"jetpack_sharing_enabled":true,"_links":{"self":[{"href":"https:\/\/pop-co.fr\/index.php\/wp-json\/wp\/v2\/product\/68571"}],"collection":[{"href":"https:\/\/pop-co.fr\/index.php\/wp-json\/wp\/v2\/product"}],"about":[{"href":"https:\/\/pop-co.fr\/index.php\/wp-json\/wp\/v2\/types\/product"}],"replies":[{"embeddable":true,"href":"https:\/\/pop-co.fr\/index.php\/wp-json\/wp\/v2\/comments?post=68571"}],"version-history":[{"count":0,"href":"https:\/\/pop-co.fr\/index.php\/wp-json\/wp\/v2\/product\/68571\/revisions"}],"wp:featuredmedia":[{"embeddable":true,"href":"https:\/\/pop-co.fr\/index.php\/wp-json\/wp\/v2\/media\/346649"}],"wp:attachment":[{"href":"https:\/\/pop-co.fr\/index.php\/wp-json\/wp\/v2\/media?parent=68571"}],"wp:term":[{"taxonomy":"product_cat","embeddable":true,"href":"https:\/\/pop-co.fr\/index.php\/wp-json\/wp\/v2\/product_cat?post=68571"},{"taxonomy":"product_tag","embeddable":true,"href":"https:\/\/pop-co.fr\/index.php\/wp-json\/wp\/v2\/product_tag?post=68571"}],"curies":[{"name":"wp","href":"https:\/\/api.w.org\/{rel}","templated":true}]}}