{"id":68574,"date":"2024-04-29T16:26:29","date_gmt":"2024-04-29T14:26:29","guid":{"rendered":"https:\/\/pop-co.fr\/index.php\/product\/sonny-angel-collection-legume-figurine-mystere\/"},"modified":"2025-06-28T12:47:14","modified_gmt":"2025-06-28T10:47:14","slug":"sonny-angel-collection-legume-figurine-mystere","status":"publish","type":"product","link":"https:\/\/pop-co.fr\/index.php\/product\/sonny-angel-collection-legume-figurine-mystere\/","title":{"rendered":"SONNY ANGEL &#8211; Collection l\u00e9gumes &#8211; Figurine myst\u00e8re"},"content":{"rendered":"<p>*ATTENTION PRODUIT AL\u00c9ATOIRE NE POUVANT \u00caTRE RETOURN\u00c9*<br \/>\nx1 Figurine PVC 7-10cm<\/p>\n<p>La collection Vegetable est compos\u00e9e de 12 l\u00e9gumes qui rendra votre collection plus healthy ! <\/p>\n<p>Chaque bo\u00eete est surprise, vous pourrez ainsi d\u00e9couvrir le personnage qui s&rsquo;y cache \u00e0 l&rsquo;ouverture.<\/p>\n<p>Parmi ces douze figurines, vous avez 1 chance sur 144 de trouver le myst\u00e9rieux \u00ab secret \u00bb ou le c\u00e9l\u00e8bre Robby.<\/p>\n","protected":false},"excerpt":{"rendered":"<p>*ATTENTION PRODUIT AL\u00c9ATOIRE NE POUVANT \u00caTRE RETOURN\u00c9* x1 Figurine PVC 7-10cm La collection Vegetable est compos\u00e9e de 12 l\u00e9gumes qui rendra votre collection plus healthy ! Chaque bo\u00eete est surprise, vous pourrez ainsi d\u00e9couvrir le personnage qui s&rsquo;y cache \u00e0 l&rsquo;ouverture. Parmi ces douze figurines, vous avez 1 chance sur 144 de trouver le myst\u00e9rieux [&hellip;]<\/p>\n","protected":false},"featured_media":346651,"comment_status":"open","ping_status":"closed","template":"","meta":[],"product_cat":[39,67],"product_tag":[],"aioseo_notices":[],"jetpack_sharing_enabled":true,"_links":{"self":[{"href":"https:\/\/pop-co.fr\/index.php\/wp-json\/wp\/v2\/product\/68574"}],"collection":[{"href":"https:\/\/pop-co.fr\/index.php\/wp-json\/wp\/v2\/product"}],"about":[{"href":"https:\/\/pop-co.fr\/index.php\/wp-json\/wp\/v2\/types\/product"}],"replies":[{"embeddable":true,"href":"https:\/\/pop-co.fr\/index.php\/wp-json\/wp\/v2\/comments?post=68574"}],"version-history":[{"count":0,"href":"https:\/\/pop-co.fr\/index.php\/wp-json\/wp\/v2\/product\/68574\/revisions"}],"wp:featuredmedia":[{"embeddable":true,"href":"https:\/\/pop-co.fr\/index.php\/wp-json\/wp\/v2\/media\/346651"}],"wp:attachment":[{"href":"https:\/\/pop-co.fr\/index.php\/wp-json\/wp\/v2\/media?parent=68574"}],"wp:term":[{"taxonomy":"product_cat","embeddable":true,"href":"https:\/\/pop-co.fr\/index.php\/wp-json\/wp\/v2\/product_cat?post=68574"},{"taxonomy":"product_tag","embeddable":true,"href":"https:\/\/pop-co.fr\/index.php\/wp-json\/wp\/v2\/product_tag?post=68574"}],"curies":[{"name":"wp","href":"https:\/\/api.w.org\/{rel}","templated":true}]}}