{"id":68585,"date":"2024-04-29T16:26:53","date_gmt":"2024-04-29T14:26:53","guid":{"rendered":"https:\/\/pop-co.fr\/index.php\/product\/bitty-pop-mystere-fnaf-animatroniques\/"},"modified":"2025-02-06T13:12:21","modified_gmt":"2025-02-06T12:12:21","slug":"bitty-pop-mystere-fnaf-animatroniques","status":"publish","type":"product","link":"https:\/\/pop-co.fr\/index.php\/product\/bitty-pop-mystere-fnaf-animatroniques\/","title":{"rendered":"BITTY POP MYSTERE &#8211; FNAF &#8211; Animatroniques"},"content":{"rendered":"<p>*ATTENTION PRODUIT AL\u00c9ATOIRE NE POUVANT \u00caTRE RETOURN\u00c9*<\/p>\n<p>Figurine PVC taille 2,5 cm, en emballages myst\u00e8re.<\/p>\n<p>Vos Pops ! pr\u00e9f\u00e9r\u00e9s ont \u00e9t\u00e9 r\u00e9tr\u00e9cis en Bitty Pops ! \u00c9largissez votre collection Five Nights at Freddy&rsquo;s\u2122avec cet assortiment de figurines Bitty Pop ! mettant en sc\u00e8ne vos animatronics pr\u00e9f\u00e9r\u00e9s et terriblement amusants ! Chaque Bitty Pop ! est pr\u00e9sent\u00e9 dans un emballage myst\u00e8re et comprend une figurine \u00e0 collectionner. Qui trouveras-tu ? Il y a Bitty Pop ! Ballora, Bitty Pop ! Funtime Foxy, Bitty Pop ! Baby, Bitty Pop ! Foxy, Bitty Pop ! Cupcake, Bitty Pop ! Chica, Bitty Pop ! Freddy, Bitty Pop ! Bonnie, Bitty Pop ! Balloon Boy, Bitty Pop ! Nightmare Bonnie, Bitty Pop ! Nightmare Chica, et Bitty Pop ! Nightmare Freddy. Les Bitty Pops ! sont emball\u00e9s dans des bo\u00eetes en acrylique dur avec des couvercles inf\u00e9rieurs amovibles. Les couvercles d\u00e9tachables servent \u00e9galement de bases acryliques sur lesquelles les figurines Bitty Pop ! sont coll\u00e9es.<\/p>\n","protected":false},"excerpt":{"rendered":"<p>*ATTENTION PRODUIT AL\u00c9ATOIRE NE POUVANT \u00caTRE RETOURN\u00c9* Figurine PVC taille 2,5 cm, en emballages myst\u00e8re. Vos Pops ! pr\u00e9f\u00e9r\u00e9s ont \u00e9t\u00e9 r\u00e9tr\u00e9cis en Bitty Pops ! \u00c9largissez votre collection Five Nights at Freddy&rsquo;s\u2122avec cet assortiment de figurines Bitty Pop ! mettant en sc\u00e8ne vos animatronics pr\u00e9f\u00e9r\u00e9s et terriblement amusants ! Chaque Bitty Pop ! est [&hellip;]<\/p>\n","protected":false},"featured_media":200179,"comment_status":"open","ping_status":"closed","template":"","meta":[],"product_cat":[34,38],"product_tag":[],"aioseo_notices":[],"jetpack_sharing_enabled":true,"_links":{"self":[{"href":"https:\/\/pop-co.fr\/index.php\/wp-json\/wp\/v2\/product\/68585"}],"collection":[{"href":"https:\/\/pop-co.fr\/index.php\/wp-json\/wp\/v2\/product"}],"about":[{"href":"https:\/\/pop-co.fr\/index.php\/wp-json\/wp\/v2\/types\/product"}],"replies":[{"embeddable":true,"href":"https:\/\/pop-co.fr\/index.php\/wp-json\/wp\/v2\/comments?post=68585"}],"version-history":[{"count":0,"href":"https:\/\/pop-co.fr\/index.php\/wp-json\/wp\/v2\/product\/68585\/revisions"}],"wp:featuredmedia":[{"embeddable":true,"href":"https:\/\/pop-co.fr\/index.php\/wp-json\/wp\/v2\/media\/200179"}],"wp:attachment":[{"href":"https:\/\/pop-co.fr\/index.php\/wp-json\/wp\/v2\/media?parent=68585"}],"wp:term":[{"taxonomy":"product_cat","embeddable":true,"href":"https:\/\/pop-co.fr\/index.php\/wp-json\/wp\/v2\/product_cat?post=68585"},{"taxonomy":"product_tag","embeddable":true,"href":"https:\/\/pop-co.fr\/index.php\/wp-json\/wp\/v2\/product_tag?post=68585"}],"curies":[{"name":"wp","href":"https:\/\/api.w.org\/{rel}","templated":true}]}}