{"id":68641,"date":"2024-04-29T16:28:53","date_gmt":"2024-04-29T14:28:53","guid":{"rendered":"https:\/\/pop-co.fr\/index.php\/product\/hunter-x-hunter-hisoka-figurine-16cm\/"},"modified":"2025-07-29T11:56:12","modified_gmt":"2025-07-29T09:56:12","slug":"hunter-x-hunter-hisoka-figurine-16cm","status":"publish","type":"product","link":"https:\/\/pop-co.fr\/index.php\/product\/hunter-x-hunter-hisoka-figurine-16cm\/","title":{"rendered":"HUNTER X HUNTER &#8211; Hisoka &#8211; Figurine 16cm"},"content":{"rendered":"<p>Pop Up Parade 16cm<br \/>\nComposition : PVC<\/p>\n<p>POP UP PARADE est une s\u00e9rie de figurines faciles \u00e0 collectionner avec des prix abordables et des sorties rapides ! Chaque figurine mesure g\u00e9n\u00e9ralement entre 17 et 18 cm de haut et la s\u00e9rie comprend une vaste s\u00e9lection de personnages issus d&rsquo;anime et de s\u00e9ries de jeux populaires, et bien d&rsquo;autres seront bient\u00f4t ajout\u00e9s !<\/p>\n<p>Sculpteur : HIROHITO<\/p>\n<p>Sp\u00e9cifications :<\/p>\n<p>Produit complet en plastique peint, sans \u00e9chelle, avec support inclus. Environ 160 mm de hauteur.<\/p>\n","protected":false},"excerpt":{"rendered":"<p>Pop Up Parade 16cm Composition : PVC POP UP PARADE est une s\u00e9rie de figurines faciles \u00e0 collectionner avec des prix abordables et des sorties rapides ! Chaque figurine mesure g\u00e9n\u00e9ralement entre 17 et 18 cm de haut et la s\u00e9rie comprend une vaste s\u00e9lection de personnages issus d&rsquo;anime et de s\u00e9ries de jeux populaires, [&hellip;]<\/p>\n","protected":false},"featured_media":356526,"comment_status":"open","ping_status":"closed","template":"","meta":[],"product_cat":[17,18],"product_tag":[],"aioseo_notices":[],"jetpack_sharing_enabled":true,"_links":{"self":[{"href":"https:\/\/pop-co.fr\/index.php\/wp-json\/wp\/v2\/product\/68641"}],"collection":[{"href":"https:\/\/pop-co.fr\/index.php\/wp-json\/wp\/v2\/product"}],"about":[{"href":"https:\/\/pop-co.fr\/index.php\/wp-json\/wp\/v2\/types\/product"}],"replies":[{"embeddable":true,"href":"https:\/\/pop-co.fr\/index.php\/wp-json\/wp\/v2\/comments?post=68641"}],"version-history":[{"count":0,"href":"https:\/\/pop-co.fr\/index.php\/wp-json\/wp\/v2\/product\/68641\/revisions"}],"wp:featuredmedia":[{"embeddable":true,"href":"https:\/\/pop-co.fr\/index.php\/wp-json\/wp\/v2\/media\/356526"}],"wp:attachment":[{"href":"https:\/\/pop-co.fr\/index.php\/wp-json\/wp\/v2\/media?parent=68641"}],"wp:term":[{"taxonomy":"product_cat","embeddable":true,"href":"https:\/\/pop-co.fr\/index.php\/wp-json\/wp\/v2\/product_cat?post=68641"},{"taxonomy":"product_tag","embeddable":true,"href":"https:\/\/pop-co.fr\/index.php\/wp-json\/wp\/v2\/product_tag?post=68641"}],"curies":[{"name":"wp","href":"https:\/\/api.w.org\/{rel}","templated":true}]}}