{"id":68659,"date":"2024-04-29T16:29:35","date_gmt":"2024-04-29T14:29:35","guid":{"rendered":"https:\/\/pop-co.fr\/index.php\/product\/beastars-legoshi-figurine-19cm\/"},"modified":"2025-07-01T12:09:05","modified_gmt":"2025-07-01T10:09:05","slug":"beastars-legoshi-figurine-19cm","status":"publish","type":"product","link":"https:\/\/pop-co.fr\/index.php\/product\/beastars-legoshi-figurine-19cm\/","title":{"rendered":"BEASTARS &#8211; Legoshi &#8211; Figurine 19cm"},"content":{"rendered":"<p>Pop Up Parade 19cm<br \/>\nComposition : PVC<\/p>\n<p>POP UP PARADE est une s\u00e9rie de figurines faciles \u00e0 collectionner, avec des prix abordables et des sorties rapides ! Chaque figurine mesure g\u00e9n\u00e9ralement entre 17 et 18 cm de haut et la s\u00e9rie comprend une vaste s\u00e9lection de personnages issus d&rsquo;anime et de jeux populaires, et de nombreux autres seront bient\u00f4t ajout\u00e9s !<\/p>\n<p>Sculpteur : Kaho Miyata<\/p>\n<p>Caract\u00e9ristiques :<\/p>\n<p>Produit complet en plastique peint, sans \u00e9chelle, avec support inclus. Environ 195 mm de hauteur.<\/p>\n","protected":false},"excerpt":{"rendered":"<p>Pop Up Parade 19cm Composition : PVC POP UP PARADE est une s\u00e9rie de figurines faciles \u00e0 collectionner, avec des prix abordables et des sorties rapides ! Chaque figurine mesure g\u00e9n\u00e9ralement entre 17 et 18 cm de haut et la s\u00e9rie comprend une vaste s\u00e9lection de personnages issus d&rsquo;anime et de jeux populaires, et de [&hellip;]<\/p>\n","protected":false},"featured_media":353131,"comment_status":"open","ping_status":"closed","template":"","meta":[],"product_cat":[18,17],"product_tag":[],"aioseo_notices":[],"jetpack_sharing_enabled":true,"_links":{"self":[{"href":"https:\/\/pop-co.fr\/index.php\/wp-json\/wp\/v2\/product\/68659"}],"collection":[{"href":"https:\/\/pop-co.fr\/index.php\/wp-json\/wp\/v2\/product"}],"about":[{"href":"https:\/\/pop-co.fr\/index.php\/wp-json\/wp\/v2\/types\/product"}],"replies":[{"embeddable":true,"href":"https:\/\/pop-co.fr\/index.php\/wp-json\/wp\/v2\/comments?post=68659"}],"version-history":[{"count":0,"href":"https:\/\/pop-co.fr\/index.php\/wp-json\/wp\/v2\/product\/68659\/revisions"}],"wp:featuredmedia":[{"embeddable":true,"href":"https:\/\/pop-co.fr\/index.php\/wp-json\/wp\/v2\/media\/353131"}],"wp:attachment":[{"href":"https:\/\/pop-co.fr\/index.php\/wp-json\/wp\/v2\/media?parent=68659"}],"wp:term":[{"taxonomy":"product_cat","embeddable":true,"href":"https:\/\/pop-co.fr\/index.php\/wp-json\/wp\/v2\/product_cat?post=68659"},{"taxonomy":"product_tag","embeddable":true,"href":"https:\/\/pop-co.fr\/index.php\/wp-json\/wp\/v2\/product_tag?post=68659"}],"curies":[{"name":"wp","href":"https:\/\/api.w.org\/{rel}","templated":true}]}}