{"id":6888,"date":"2024-02-20T19:47:13","date_gmt":"2024-02-20T18:47:13","guid":{"rendered":"https:\/\/pop-co.fr\/index.php\/product\/protection-x5-funko-pop-boite-pvc-pop\/"},"modified":"2025-07-29T11:00:39","modified_gmt":"2025-07-29T09:00:39","slug":"protection-x5-funko-pop-boite-pvc-pop","status":"publish","type":"product","link":"https:\/\/pop-co.fr\/index.php\/product\/protection-x5-funko-pop-boite-pvc-pop\/","title":{"rendered":"PROTECTION X5 &#8211; FUNKO POP &#8211; Bo\u00eete PVC POP"},"content":{"rendered":"<p>Prot\u00e9gez vos figurines Pop ! et tous les coins de l&#8217;emballage avec ce paquet de 5 protections Funko Pop ! Protectors. Ils sont con\u00e7us pour se plier afin de faciliter le rangement, s&rsquo;adaptent aux bo\u00eetes Pop ! de taille standard, sont fabriqu\u00e9s en plastique PET sans acide et ont une \u00e9paisseur de 0,3 mm. Le plastique transparent vous permet de voir tous les c\u00f4t\u00e9s de votre pi\u00e8ce de collection. Figurine en vinyle non incluse.<\/p>\n","protected":false},"excerpt":{"rendered":"<p>Prot\u00e9gez vos figurines Pop ! et tous les coins de l&#8217;emballage avec ce paquet de 5 protections Funko Pop ! Protectors. Ils sont con\u00e7us pour se plier afin de faciliter le rangement, s&rsquo;adaptent aux bo\u00eetes Pop ! de taille standard, sont fabriqu\u00e9s en plastique PET sans acide et ont une \u00e9paisseur de 0,3 mm. Le [&hellip;]<\/p>\n","protected":false},"featured_media":355901,"comment_status":"open","ping_status":"closed","template":"","meta":[],"product_cat":[76],"product_tag":[],"aioseo_notices":[],"jetpack_sharing_enabled":true,"_links":{"self":[{"href":"https:\/\/pop-co.fr\/index.php\/wp-json\/wp\/v2\/product\/6888"}],"collection":[{"href":"https:\/\/pop-co.fr\/index.php\/wp-json\/wp\/v2\/product"}],"about":[{"href":"https:\/\/pop-co.fr\/index.php\/wp-json\/wp\/v2\/types\/product"}],"replies":[{"embeddable":true,"href":"https:\/\/pop-co.fr\/index.php\/wp-json\/wp\/v2\/comments?post=6888"}],"version-history":[{"count":0,"href":"https:\/\/pop-co.fr\/index.php\/wp-json\/wp\/v2\/product\/6888\/revisions"}],"wp:featuredmedia":[{"embeddable":true,"href":"https:\/\/pop-co.fr\/index.php\/wp-json\/wp\/v2\/media\/355901"}],"wp:attachment":[{"href":"https:\/\/pop-co.fr\/index.php\/wp-json\/wp\/v2\/media?parent=6888"}],"wp:term":[{"taxonomy":"product_cat","embeddable":true,"href":"https:\/\/pop-co.fr\/index.php\/wp-json\/wp\/v2\/product_cat?post=6888"},{"taxonomy":"product_tag","embeddable":true,"href":"https:\/\/pop-co.fr\/index.php\/wp-json\/wp\/v2\/product_tag?post=6888"}],"curies":[{"name":"wp","href":"https:\/\/api.w.org\/{rel}","templated":true}]}}