{"id":6895,"date":"2024-02-20T19:47:20","date_gmt":"2024-02-20T18:47:20","guid":{"rendered":"https:\/\/pop-co.fr\/index.php\/product\/pop-movie-poster-n16-disney-peter-pan\/"},"modified":"2025-08-23T14:51:37","modified_gmt":"2025-08-23T12:51:37","slug":"pop-movie-poster-n16-disney-peter-pan","status":"publish","type":"product","link":"https:\/\/pop-co.fr\/index.php\/product\/pop-movie-poster-n16-disney-peter-pan\/","title":{"rendered":"POP MOVIE POSTER N\u00b016 &#8211; DISNEY &#8211; Peter Pan"},"content":{"rendered":"<p>Donnez une nouvelle dimension \u00e0 votre collection avec un peu de poussi\u00e8re de f\u00e9e ! C\u00e9l\u00e9brez le 100e anniversaire de Disney avec Pop ! Peter Pan et F\u00e9e Clochette qui ne grandiront jamais dans cette figurine Pop ! Vinyle. Les figurines sont coll\u00e9es sur une toile de fond, ce qui garantit l&rsquo;int\u00e9grit\u00e9 de la sc\u00e8ne et la facilit\u00e9 d&rsquo;exposition.<\/p>\n<p>Ajoutez les nouvelles figurines Pop ! Vinyle de l&rsquo;anniversaire de Peter Pan \u00e0 votre collection Funko d\u00e8s aujourd&rsquo;hui !<\/p>\n","protected":false},"excerpt":{"rendered":"<p>Donnez une nouvelle dimension \u00e0 votre collection avec un peu de poussi\u00e8re de f\u00e9e ! C\u00e9l\u00e9brez le 100e anniversaire de Disney avec Pop ! Peter Pan et F\u00e9e Clochette qui ne grandiront jamais dans cette figurine Pop ! Vinyle. Les figurines sont coll\u00e9es sur une toile de fond, ce qui garantit l&rsquo;int\u00e9grit\u00e9 de la sc\u00e8ne [&hellip;]<\/p>\n","protected":false},"featured_media":357753,"comment_status":"open","ping_status":"closed","template":"","meta":[],"product_cat":[29],"product_tag":[],"aioseo_notices":[],"jetpack_sharing_enabled":true,"_links":{"self":[{"href":"https:\/\/pop-co.fr\/index.php\/wp-json\/wp\/v2\/product\/6895"}],"collection":[{"href":"https:\/\/pop-co.fr\/index.php\/wp-json\/wp\/v2\/product"}],"about":[{"href":"https:\/\/pop-co.fr\/index.php\/wp-json\/wp\/v2\/types\/product"}],"replies":[{"embeddable":true,"href":"https:\/\/pop-co.fr\/index.php\/wp-json\/wp\/v2\/comments?post=6895"}],"version-history":[{"count":0,"href":"https:\/\/pop-co.fr\/index.php\/wp-json\/wp\/v2\/product\/6895\/revisions"}],"wp:featuredmedia":[{"embeddable":true,"href":"https:\/\/pop-co.fr\/index.php\/wp-json\/wp\/v2\/media\/357753"}],"wp:attachment":[{"href":"https:\/\/pop-co.fr\/index.php\/wp-json\/wp\/v2\/media?parent=6895"}],"wp:term":[{"taxonomy":"product_cat","embeddable":true,"href":"https:\/\/pop-co.fr\/index.php\/wp-json\/wp\/v2\/product_cat?post=6895"},{"taxonomy":"product_tag","embeddable":true,"href":"https:\/\/pop-co.fr\/index.php\/wp-json\/wp\/v2\/product_tag?post=6895"}],"curies":[{"name":"wp","href":"https:\/\/api.w.org\/{rel}","templated":true}]}}