{"id":6966,"date":"2024-02-20T19:48:36","date_gmt":"2024-02-20T18:48:36","guid":{"rendered":"https:\/\/pop-co.fr\/index.php\/product\/chaussettes-x3-43-46-death-note-ryuk-splash\/"},"modified":"2025-07-29T11:00:30","modified_gmt":"2025-07-29T09:00:30","slug":"chaussettes-x3-43-46-death-note-ryuk-splash","status":"publish","type":"product","link":"https:\/\/pop-co.fr\/index.php\/product\/chaussettes-x3-43-46-death-note-ryuk-splash\/","title":{"rendered":"CHAUSSETTES X3 43\/46- DEATH NOTE &#8211; Ryuk splash"},"content":{"rendered":"<p>Am\u00e9liorez votre tenue avec cet ensemble de chaussettes Death Note.<\/p>\n<p>Con\u00e7ues avec une coupe mi-haute, vous donnerez \u00e0 tout le monde un aper\u00e7u de l&rsquo;amateur d&rsquo;anime qui est en vous.<\/p>\n<p>Ces 3 paires de chaussettes sont propos\u00e9es dans la palette de couleurs classiques de Death Note (noir, blanc et rouge) et pr\u00e9sentent une vari\u00e9t\u00e9 d&rsquo;illustrations tricot\u00e9es inspir\u00e9es de l&rsquo;anime \u00e0 succ\u00e8s.<\/p>\n<p>75% Cotton &#8211; 23% Polyamide &#8211; 2% Elastane<\/p>\n","protected":false},"excerpt":{"rendered":"<p>Am\u00e9liorez votre tenue avec cet ensemble de chaussettes Death Note. Con\u00e7ues avec une coupe mi-haute, vous donnerez \u00e0 tout le monde un aper\u00e7u de l&rsquo;amateur d&rsquo;anime qui est en vous. Ces 3 paires de chaussettes sont propos\u00e9es dans la palette de couleurs classiques de Death Note (noir, blanc et rouge) et pr\u00e9sentent une vari\u00e9t\u00e9 d&rsquo;illustrations [&hellip;]<\/p>\n","protected":false},"featured_media":355889,"comment_status":"open","ping_status":"closed","template":"","meta":[],"product_cat":[47,51],"product_tag":[],"aioseo_notices":[],"jetpack_sharing_enabled":true,"_links":{"self":[{"href":"https:\/\/pop-co.fr\/index.php\/wp-json\/wp\/v2\/product\/6966"}],"collection":[{"href":"https:\/\/pop-co.fr\/index.php\/wp-json\/wp\/v2\/product"}],"about":[{"href":"https:\/\/pop-co.fr\/index.php\/wp-json\/wp\/v2\/types\/product"}],"replies":[{"embeddable":true,"href":"https:\/\/pop-co.fr\/index.php\/wp-json\/wp\/v2\/comments?post=6966"}],"version-history":[{"count":0,"href":"https:\/\/pop-co.fr\/index.php\/wp-json\/wp\/v2\/product\/6966\/revisions"}],"wp:featuredmedia":[{"embeddable":true,"href":"https:\/\/pop-co.fr\/index.php\/wp-json\/wp\/v2\/media\/355889"}],"wp:attachment":[{"href":"https:\/\/pop-co.fr\/index.php\/wp-json\/wp\/v2\/media?parent=6966"}],"wp:term":[{"taxonomy":"product_cat","embeddable":true,"href":"https:\/\/pop-co.fr\/index.php\/wp-json\/wp\/v2\/product_cat?post=6966"},{"taxonomy":"product_tag","embeddable":true,"href":"https:\/\/pop-co.fr\/index.php\/wp-json\/wp\/v2\/product_tag?post=6966"}],"curies":[{"name":"wp","href":"https:\/\/api.w.org\/{rel}","templated":true}]}}