{"id":7030,"date":"2024-02-20T19:49:43","date_gmt":"2024-02-20T18:49:43","guid":{"rendered":"https:\/\/pop-co.fr\/index.php\/product\/stranger-things-pop-n803-steve\/"},"modified":"2025-06-28T14:20:18","modified_gmt":"2025-06-28T12:20:18","slug":"stranger-things-pop-n803-steve","status":"publish","type":"product","link":"https:\/\/pop-co.fr\/index.php\/product\/stranger-things-pop-n803-steve\/","title":{"rendered":"STRANGER THINGS &#8211; POP N\u00b0803 Steve"},"content":{"rendered":"<p>Au milieu de l&rsquo;ann\u00e9e 1985, \u00e0 l&rsquo;\u00e9poque de la domination du box-office de Retour vers le futur, Mike et Eleven ont d\u00e9velopp\u00e9 une relation amoureuse, tout comme Max et Lucas.Les h\u00e9ros et h\u00e9ro\u00efnes des saisons pr\u00e9c\u00e9dentes m\u00e8nent une vie apparemment normale, bien qu&rsquo;un an apr\u00e8s la d\u00e9faite du Mind Flayer, les choses ne soient pas du tout ce qu&rsquo;elles semblent \u00eatre \u00e0 Hawkins, dans l&rsquo;Indiana. La ville a un nouveau dirigeant, le maire Kline, moralement corrompu, dont l&rsquo;administration a soutenu et pr\u00e9sid\u00e9 \u00e0 la construction du nouveau centre commercial Starcourt. \u00c0 l&rsquo;approche du 4 juillet, des choses \u00e9tranges commencent \u00e0 se produire : Erica, la soeur de Lucas, d\u00e9couvre une nouvelle menace myst\u00e9rieuse, et un ma\u00eetre nageur de la piscine municipale dispara\u00eet soudainement, d\u00e9clenchant la peur chez ceux qui ont encore en m\u00e9moire les \u00e9v\u00e9nements de l&rsquo;ann\u00e9e pr\u00e9c\u00e9dente.<\/p>\n","protected":false},"excerpt":{"rendered":"<p>Au milieu de l&rsquo;ann\u00e9e 1985, \u00e0 l&rsquo;\u00e9poque de la domination du box-office de Retour vers le futur, Mike et Eleven ont d\u00e9velopp\u00e9 une relation amoureuse, tout comme Max et Lucas.Les h\u00e9ros et h\u00e9ro\u00efnes des saisons pr\u00e9c\u00e9dentes m\u00e8nent une vie apparemment normale, bien qu&rsquo;un an apr\u00e8s la d\u00e9faite du Mind Flayer, les choses ne soient pas [&hellip;]<\/p>\n","protected":false},"featured_media":151080,"comment_status":"open","ping_status":"closed","template":"","meta":[],"product_cat":[39,42],"product_tag":[],"aioseo_notices":[],"jetpack_sharing_enabled":true,"_links":{"self":[{"href":"https:\/\/pop-co.fr\/index.php\/wp-json\/wp\/v2\/product\/7030"}],"collection":[{"href":"https:\/\/pop-co.fr\/index.php\/wp-json\/wp\/v2\/product"}],"about":[{"href":"https:\/\/pop-co.fr\/index.php\/wp-json\/wp\/v2\/types\/product"}],"replies":[{"embeddable":true,"href":"https:\/\/pop-co.fr\/index.php\/wp-json\/wp\/v2\/comments?post=7030"}],"version-history":[{"count":0,"href":"https:\/\/pop-co.fr\/index.php\/wp-json\/wp\/v2\/product\/7030\/revisions"}],"wp:featuredmedia":[{"embeddable":true,"href":"https:\/\/pop-co.fr\/index.php\/wp-json\/wp\/v2\/media\/151080"}],"wp:attachment":[{"href":"https:\/\/pop-co.fr\/index.php\/wp-json\/wp\/v2\/media?parent=7030"}],"wp:term":[{"taxonomy":"product_cat","embeddable":true,"href":"https:\/\/pop-co.fr\/index.php\/wp-json\/wp\/v2\/product_cat?post=7030"},{"taxonomy":"product_tag","embeddable":true,"href":"https:\/\/pop-co.fr\/index.php\/wp-json\/wp\/v2\/product_tag?post=7030"}],"curies":[{"name":"wp","href":"https:\/\/api.w.org\/{rel}","templated":true}]}}