{"id":70314,"date":"2024-04-29T18:50:45","date_gmt":"2024-04-29T16:50:45","guid":{"rendered":"https:\/\/pop-co.fr\/index.php\/product\/tirelire-pat-patrouille-chase\/"},"modified":"2025-06-28T13:29:23","modified_gmt":"2025-06-28T11:29:23","slug":"tirelire-pat-patrouille-chase","status":"publish","type":"product","link":"https:\/\/pop-co.fr\/index.php\/product\/tirelire-pat-patrouille-chase\/","title":{"rendered":"TIRELIRE &#8211; PAT PATROUILLE &#8211; Chase"},"content":{"rendered":"<p>Une tirelire multicolore Chase de PARAMOUNT PAW PATROL. Cette joyeuse tirelire d\u00e9corative procure de l&rsquo;enthousiasme aux enfants lorsqu&rsquo;ils cherchent \u00e0 \u00e9conomiser leurs sous. L&rsquo;excitation vient du fait de pouvoir voir l&rsquo;argent via une fen\u00eatre avant en plastique transparent, avec le titre \u00ab Paws Off \u00bb. Ceci est compl\u00e9t\u00e9 par un Chase clignotant, qui a les pattes lev\u00e9es. Une grande partie de cet article est fabriqu\u00e9e \u00e0 partir de MDF tr\u00e8s durable. Livr\u00e9 emball\u00e9 dans une bo\u00eete color\u00e9e.<\/p>\n","protected":false},"excerpt":{"rendered":"<p>Une tirelire multicolore Chase de PARAMOUNT PAW PATROL. Cette joyeuse tirelire d\u00e9corative procure de l&rsquo;enthousiasme aux enfants lorsqu&rsquo;ils cherchent \u00e0 \u00e9conomiser leurs sous. L&rsquo;excitation vient du fait de pouvoir voir l&rsquo;argent via une fen\u00eatre avant en plastique transparent, avec le titre \u00ab Paws Off \u00bb. Ceci est compl\u00e9t\u00e9 par un Chase clignotant, qui a les [&hellip;]<\/p>\n","protected":false},"featured_media":249248,"comment_status":"open","ping_status":"closed","template":"","meta":[],"product_cat":[39],"product_tag":[],"aioseo_notices":[],"jetpack_sharing_enabled":true,"_links":{"self":[{"href":"https:\/\/pop-co.fr\/index.php\/wp-json\/wp\/v2\/product\/70314"}],"collection":[{"href":"https:\/\/pop-co.fr\/index.php\/wp-json\/wp\/v2\/product"}],"about":[{"href":"https:\/\/pop-co.fr\/index.php\/wp-json\/wp\/v2\/types\/product"}],"replies":[{"embeddable":true,"href":"https:\/\/pop-co.fr\/index.php\/wp-json\/wp\/v2\/comments?post=70314"}],"version-history":[{"count":0,"href":"https:\/\/pop-co.fr\/index.php\/wp-json\/wp\/v2\/product\/70314\/revisions"}],"wp:featuredmedia":[{"embeddable":true,"href":"https:\/\/pop-co.fr\/index.php\/wp-json\/wp\/v2\/media\/249248"}],"wp:attachment":[{"href":"https:\/\/pop-co.fr\/index.php\/wp-json\/wp\/v2\/media?parent=70314"}],"wp:term":[{"taxonomy":"product_cat","embeddable":true,"href":"https:\/\/pop-co.fr\/index.php\/wp-json\/wp\/v2\/product_cat?post=70314"},{"taxonomy":"product_tag","embeddable":true,"href":"https:\/\/pop-co.fr\/index.php\/wp-json\/wp\/v2\/product_tag?post=70314"}],"curies":[{"name":"wp","href":"https:\/\/api.w.org\/{rel}","templated":true}]}}