{"id":7052,"date":"2024-02-20T19:50:11","date_gmt":"2024-02-20T18:50:11","guid":{"rendered":"https:\/\/pop-co.fr\/index.php\/product\/jujutsu-kaisen-pop-n1121-mahito-edition-speciale\/"},"modified":"2025-07-29T10:58:34","modified_gmt":"2025-07-29T08:58:34","slug":"jujutsu-kaisen-pop-n1121-mahito-edition-speciale","status":"publish","type":"product","link":"https:\/\/pop-co.fr\/index.php\/product\/jujutsu-kaisen-pop-n1121-mahito-edition-speciale\/","title":{"rendered":"JUJUTSU KAISEN &#8211; POP N\u00b01121 Mahito (\u00e9dition sp\u00e9ciale)"},"content":{"rendered":"<p>Jujutsu Kaisen est une s\u00e9rie manga\/anime japonaise qui suit l&rsquo;histoire du lyc\u00e9en Yuji Itadori, alors qu&rsquo;il rejoint une organisation secr\u00e8te de sorciers Jujutsu afin de tuer une puissante mal\u00e9diction nomm\u00e9e Ryomen Sukuna, dont Yuji devient l&rsquo;h\u00f4te.<\/p>\n<p>Cette Pop ! pr\u00e9sente Mahito, un esprit maudit alli\u00e9 \u00e0 Pseudo-Geto. Le but ultime de son groupe est d&rsquo;\u00e9radiquer l&rsquo;humanit\u00e9 et de remplacer la population par des esprits maudits. Il est livr\u00e9 complet avec ses nouvelles armes.<\/p>\n<p>Ajoutez les figurines Jujutsu Kaisen Pop ! Vinyl Jujutsu Kaisen \u00e0 votre collection Funko !<\/p>\n","protected":false},"excerpt":{"rendered":"<p>Jujutsu Kaisen est une s\u00e9rie manga\/anime japonaise qui suit l&rsquo;histoire du lyc\u00e9en Yuji Itadori, alors qu&rsquo;il rejoint une organisation secr\u00e8te de sorciers Jujutsu afin de tuer une puissante mal\u00e9diction nomm\u00e9e Ryomen Sukuna, dont Yuji devient l&rsquo;h\u00f4te. Cette Pop ! pr\u00e9sente Mahito, un esprit maudit alli\u00e9 \u00e0 Pseudo-Geto. Le but ultime de son groupe est d&rsquo;\u00e9radiquer [&hellip;]<\/p>\n","protected":false},"featured_media":355886,"comment_status":"open","ping_status":"closed","template":"","meta":[],"product_cat":[17,28],"product_tag":[],"aioseo_notices":[],"jetpack_sharing_enabled":true,"_links":{"self":[{"href":"https:\/\/pop-co.fr\/index.php\/wp-json\/wp\/v2\/product\/7052"}],"collection":[{"href":"https:\/\/pop-co.fr\/index.php\/wp-json\/wp\/v2\/product"}],"about":[{"href":"https:\/\/pop-co.fr\/index.php\/wp-json\/wp\/v2\/types\/product"}],"replies":[{"embeddable":true,"href":"https:\/\/pop-co.fr\/index.php\/wp-json\/wp\/v2\/comments?post=7052"}],"version-history":[{"count":0,"href":"https:\/\/pop-co.fr\/index.php\/wp-json\/wp\/v2\/product\/7052\/revisions"}],"wp:featuredmedia":[{"embeddable":true,"href":"https:\/\/pop-co.fr\/index.php\/wp-json\/wp\/v2\/media\/355886"}],"wp:attachment":[{"href":"https:\/\/pop-co.fr\/index.php\/wp-json\/wp\/v2\/media?parent=7052"}],"wp:term":[{"taxonomy":"product_cat","embeddable":true,"href":"https:\/\/pop-co.fr\/index.php\/wp-json\/wp\/v2\/product_cat?post=7052"},{"taxonomy":"product_tag","embeddable":true,"href":"https:\/\/pop-co.fr\/index.php\/wp-json\/wp\/v2\/product_tag?post=7052"}],"curies":[{"name":"wp","href":"https:\/\/api.w.org\/{rel}","templated":true}]}}