{"id":7055,"date":"2024-02-20T19:50:14","date_gmt":"2024-02-20T18:50:14","guid":{"rendered":"https:\/\/pop-co.fr\/index.php\/product\/stranger-things-personnages-figurine-mystere\/"},"modified":"2025-06-28T14:20:29","modified_gmt":"2025-06-28T12:20:29","slug":"stranger-things-personnages-figurine-mystere","status":"publish","type":"product","link":"https:\/\/pop-co.fr\/index.php\/product\/stranger-things-personnages-figurine-mystere\/","title":{"rendered":"STRANGER THINGS &#8211; Personnages &#8211; Figurine myst\u00e8re"},"content":{"rendered":"<p>*ATTENTION PRODUIT AL\u00c9ATOIRE NE POUVANT \u00caTRE RETOURN\u00c9*<\/p>\n<p>X1 Figurine vinyle envir. 7,6 cm, la hauteur varie en fonction de la figurine. Une seule figurine par paquet.<\/p>\n<p>Six mois se sont \u00e9coul\u00e9s depuis la bataille de Starcourt dans Stranger Things 3, qui a sem\u00e9 la terreur et la destruction \u00e0 Hawkins. Notre groupe d&rsquo;amis est s\u00e9par\u00e9 pour la premi\u00e8re fois, et les complexit\u00e9s du lyc\u00e9e n&rsquo;ont pas facilit\u00e9 les choses.<\/p>\n<p>En cette p\u00e9riode de vuln\u00e9rabilit\u00e9, une nouvelle menace surnaturelle effrayante fait surface, pr\u00e9sentant un myst\u00e8re \u00e9pouvantable qui, s&rsquo;il est r\u00e9solu, pourrait enfin mettre fin aux horreurs du monde \u00e0 l&rsquo;envers.<\/p>\n<p>La nouvelle vague de minis myst\u00e8res de Stranger Things 4 de Funko pr\u00e9sente une s\u00e9rie de favoris de la s\u00e9rie, dont Onze, Mike, Dustin, Hopper, Lucas, Will, Steve et plus encore !<\/p>\n<p>Chaque pr\u00e9sentoir est livr\u00e9 avec 12 bo\u00eetes aveugles, chaque bo\u00eete contenant UNE mini-figure myst\u00e8re ins\u00e9r\u00e9e au hasard. Collectionnez-les toutes.<\/p>\n<p>Les amis ne mentent pas, et il en va de m\u00eame pour les figurines Myst\u00e8re de Stranger Things 4 de Funko, alors assurez-vous de les ajouter \u00e0 votre collection Funko d\u00e8s aujourd&rsquo;hui.<\/p>\n","protected":false},"excerpt":{"rendered":"<p>*ATTENTION PRODUIT AL\u00c9ATOIRE NE POUVANT \u00caTRE RETOURN\u00c9* X1 Figurine vinyle envir. 7,6 cm, la hauteur varie en fonction de la figurine. Une seule figurine par paquet. Six mois se sont \u00e9coul\u00e9s depuis la bataille de Starcourt dans Stranger Things 3, qui a sem\u00e9 la terreur et la destruction \u00e0 Hawkins. Notre groupe d&rsquo;amis est s\u00e9par\u00e9 [&hellip;]<\/p>\n","protected":false},"featured_media":340595,"comment_status":"open","ping_status":"closed","template":"","meta":[],"product_cat":[39,42],"product_tag":[],"aioseo_notices":[],"jetpack_sharing_enabled":true,"_links":{"self":[{"href":"https:\/\/pop-co.fr\/index.php\/wp-json\/wp\/v2\/product\/7055"}],"collection":[{"href":"https:\/\/pop-co.fr\/index.php\/wp-json\/wp\/v2\/product"}],"about":[{"href":"https:\/\/pop-co.fr\/index.php\/wp-json\/wp\/v2\/types\/product"}],"replies":[{"embeddable":true,"href":"https:\/\/pop-co.fr\/index.php\/wp-json\/wp\/v2\/comments?post=7055"}],"version-history":[{"count":0,"href":"https:\/\/pop-co.fr\/index.php\/wp-json\/wp\/v2\/product\/7055\/revisions"}],"wp:featuredmedia":[{"embeddable":true,"href":"https:\/\/pop-co.fr\/index.php\/wp-json\/wp\/v2\/media\/340595"}],"wp:attachment":[{"href":"https:\/\/pop-co.fr\/index.php\/wp-json\/wp\/v2\/media?parent=7055"}],"wp:term":[{"taxonomy":"product_cat","embeddable":true,"href":"https:\/\/pop-co.fr\/index.php\/wp-json\/wp\/v2\/product_cat?post=7055"},{"taxonomy":"product_tag","embeddable":true,"href":"https:\/\/pop-co.fr\/index.php\/wp-json\/wp\/v2\/product_tag?post=7055"}],"curies":[{"name":"wp","href":"https:\/\/api.w.org\/{rel}","templated":true}]}}