{"id":7062,"date":"2024-02-20T19:50:21","date_gmt":"2024-02-20T18:50:21","guid":{"rendered":"https:\/\/pop-co.fr\/index.php\/product\/nbx-floating-friend-zero-figurine-127cm\/"},"modified":"2025-06-28T14:20:32","modified_gmt":"2025-06-28T12:20:32","slug":"nbx-floating-friend-zero-figurine-127cm","status":"publish","type":"product","link":"https:\/\/pop-co.fr\/index.php\/product\/nbx-floating-friend-zero-figurine-127cm\/","title":{"rendered":"NBX &#8211; Floating Friend Zero &#8211; Figurine 12,7cm"},"content":{"rendered":"<p>Figurine de Z\u00e9ro le chien fantomatique de L&rsquo;\u00c9trange No\u00ebl de Monsieur Jack, sortant de sa tombe en forme de niche. Con\u00e7ue par l&rsquo;artiste et sculpteur prim\u00e9 Jim Shore pour la collection Disney Traditions. Ces figurines ne sont pas des jouets pour enfants. Destin\u00e9 aux adultes uniquement.<\/p>\n<p>Statuette haute qualit\u00e9 en r\u00e9sine, fabriqu\u00e9e par Enesco. <\/p>\n<p>Taille: 12.7cm<br \/>\nLargeur: 9.5cm<br \/>\nProfondeur: 7.6cm<\/p>\n","protected":false},"excerpt":{"rendered":"<p>Figurine de Z\u00e9ro le chien fantomatique de L&rsquo;\u00c9trange No\u00ebl de Monsieur Jack, sortant de sa tombe en forme de niche. Con\u00e7ue par l&rsquo;artiste et sculpteur prim\u00e9 Jim Shore pour la collection Disney Traditions. Ces figurines ne sont pas des jouets pour enfants. Destin\u00e9 aux adultes uniquement. Statuette haute qualit\u00e9 en r\u00e9sine, fabriqu\u00e9e par Enesco. Taille: [&hellip;]<\/p>\n","protected":false},"featured_media":338883,"comment_status":"open","ping_status":"closed","template":"","meta":[],"product_cat":[31],"product_tag":[],"aioseo_notices":[],"jetpack_sharing_enabled":true,"_links":{"self":[{"href":"https:\/\/pop-co.fr\/index.php\/wp-json\/wp\/v2\/product\/7062"}],"collection":[{"href":"https:\/\/pop-co.fr\/index.php\/wp-json\/wp\/v2\/product"}],"about":[{"href":"https:\/\/pop-co.fr\/index.php\/wp-json\/wp\/v2\/types\/product"}],"replies":[{"embeddable":true,"href":"https:\/\/pop-co.fr\/index.php\/wp-json\/wp\/v2\/comments?post=7062"}],"version-history":[{"count":0,"href":"https:\/\/pop-co.fr\/index.php\/wp-json\/wp\/v2\/product\/7062\/revisions"}],"wp:featuredmedia":[{"embeddable":true,"href":"https:\/\/pop-co.fr\/index.php\/wp-json\/wp\/v2\/media\/338883"}],"wp:attachment":[{"href":"https:\/\/pop-co.fr\/index.php\/wp-json\/wp\/v2\/media?parent=7062"}],"wp:term":[{"taxonomy":"product_cat","embeddable":true,"href":"https:\/\/pop-co.fr\/index.php\/wp-json\/wp\/v2\/product_cat?post=7062"},{"taxonomy":"product_tag","embeddable":true,"href":"https:\/\/pop-co.fr\/index.php\/wp-json\/wp\/v2\/product_tag?post=7062"}],"curies":[{"name":"wp","href":"https:\/\/api.w.org\/{rel}","templated":true}]}}