{"id":7096,"date":"2024-02-20T19:50:59","date_gmt":"2024-02-20T18:50:59","guid":{"rendered":"https:\/\/pop-co.fr\/index.php\/product\/jujutsu-kaisen-pop-n1375-toge-inumaki\/"},"modified":"2025-06-28T14:20:49","modified_gmt":"2025-06-28T12:20:49","slug":"jujutsu-kaisen-pop-n1375-toge-inumaki","status":"publish","type":"product","link":"https:\/\/pop-co.fr\/index.php\/product\/jujutsu-kaisen-pop-n1375-toge-inumaki\/","title":{"rendered":"JUJUTSU KAISEN &#8211; POP N\u00b01375 Toge Inumaki"},"content":{"rendered":"<p>Toge Inumaki est pr\u00eat \u00e0 se battre aux c\u00f4t\u00e9s de ses camarades de classe pour devenir un sorcier jujutsu.<br \/>\nPop ! Toge Inumaki est impatient d&rsquo;\u00e9tudier la sorcellerie et les techniques de combat dans votre collection Jujutsu Kaisen.<\/p>\n<p>Probabilit\u00e9 d&rsquo;obtenir le mod\u00e8le CHASE = 1\/6<\/p>\n","protected":false},"excerpt":{"rendered":"<p>Toge Inumaki est pr\u00eat \u00e0 se battre aux c\u00f4t\u00e9s de ses camarades de classe pour devenir un sorcier jujutsu. Pop ! Toge Inumaki est impatient d&rsquo;\u00e9tudier la sorcellerie et les techniques de combat dans votre collection Jujutsu Kaisen. Probabilit\u00e9 d&rsquo;obtenir le mod\u00e8le CHASE = 1\/6<\/p>\n","protected":false},"featured_media":279146,"comment_status":"open","ping_status":"closed","template":"","meta":[],"product_cat":[28,17],"product_tag":[],"aioseo_notices":[],"jetpack_sharing_enabled":true,"_links":{"self":[{"href":"https:\/\/pop-co.fr\/index.php\/wp-json\/wp\/v2\/product\/7096"}],"collection":[{"href":"https:\/\/pop-co.fr\/index.php\/wp-json\/wp\/v2\/product"}],"about":[{"href":"https:\/\/pop-co.fr\/index.php\/wp-json\/wp\/v2\/types\/product"}],"replies":[{"embeddable":true,"href":"https:\/\/pop-co.fr\/index.php\/wp-json\/wp\/v2\/comments?post=7096"}],"version-history":[{"count":0,"href":"https:\/\/pop-co.fr\/index.php\/wp-json\/wp\/v2\/product\/7096\/revisions"}],"wp:featuredmedia":[{"embeddable":true,"href":"https:\/\/pop-co.fr\/index.php\/wp-json\/wp\/v2\/media\/279146"}],"wp:attachment":[{"href":"https:\/\/pop-co.fr\/index.php\/wp-json\/wp\/v2\/media?parent=7096"}],"wp:term":[{"taxonomy":"product_cat","embeddable":true,"href":"https:\/\/pop-co.fr\/index.php\/wp-json\/wp\/v2\/product_cat?post=7096"},{"taxonomy":"product_tag","embeddable":true,"href":"https:\/\/pop-co.fr\/index.php\/wp-json\/wp\/v2\/product_tag?post=7096"}],"curies":[{"name":"wp","href":"https:\/\/api.w.org\/{rel}","templated":true}]}}