{"id":7098,"date":"2024-02-20T19:51:01","date_gmt":"2024-02-20T18:51:01","guid":{"rendered":"https:\/\/pop-co.fr\/index.php\/product\/jujutsu-kaisen-pop-n1117-yuji-itadori-avec-poupee-tsukamoto-edition-speciale\/"},"modified":"2025-06-28T14:20:51","modified_gmt":"2025-06-28T12:20:51","slug":"jujutsu-kaisen-pop-n1117-yuji-itadori-avec-poupee-tsukamoto-edition-speciale","status":"publish","type":"product","link":"https:\/\/pop-co.fr\/index.php\/product\/jujutsu-kaisen-pop-n1117-yuji-itadori-avec-poupee-tsukamoto-edition-speciale\/","title":{"rendered":"JUJUTSU KAISEN &#8211; POP N\u00b01117 Yuji Itadori avec poup\u00e9e Tsukamoto (\u00e9dition sp\u00e9ciale)"},"content":{"rendered":"<p>Jujutsu Kaisen &#8211; Yuji Itadori avec la poup\u00e9e Tsukamoto Pop ! Vinyle<\/p>\n<p>Jujutsu Kaisen est une s\u00e9rie japonaise manda\/anime qui suit l&rsquo;histoire d&rsquo;un lyc\u00e9en, Yuji Itadori, alors qu&rsquo;il rejoint une organisation secr\u00e8te de sorciers Jujutsu afin de tuer une puissante mal\u00e9diction nomm\u00e9e Ryomen Sukuna, dont Yuji devient l&rsquo;h\u00f4te.<\/p>\n<p>Cette Pop ! met en sc\u00e8ne Yuji Itadori, fils de Jin Itadori et petit-fils de Wasuke Itadori, qui menait une vie normale jusqu&rsquo;\u00e0 ce qu&rsquo;il rencontre Megumi et mange l&rsquo;un des doigts de Sukuna. Apr\u00e8s \u00eatre devenu le vaisseau de Sukuna, Yuji commence \u00e0 fr\u00e9quenter le Tokyo Jujutsu High aux c\u00f4t\u00e9s de Megumi et Nobara en tant qu&rsquo;\u00e9tudiants de premi\u00e8re ann\u00e9e. Il vient se pr\u00e9lasser en regardant la t\u00e9l\u00e9vision avec son cher Tsukamoto.<\/p>\n<p>Ajoutez les figurines en vinyle Jujutsu Kaisen Pop ! Vinyl Figures \u00e0 votre collection Funko d\u00e8s aujourd&rsquo;hui !<\/p>\n","protected":false},"excerpt":{"rendered":"<p>Jujutsu Kaisen &#8211; Yuji Itadori avec la poup\u00e9e Tsukamoto Pop ! Vinyle Jujutsu Kaisen est une s\u00e9rie japonaise manda\/anime qui suit l&rsquo;histoire d&rsquo;un lyc\u00e9en, Yuji Itadori, alors qu&rsquo;il rejoint une organisation secr\u00e8te de sorciers Jujutsu afin de tuer une puissante mal\u00e9diction nomm\u00e9e Ryomen Sukuna, dont Yuji devient l&rsquo;h\u00f4te. Cette Pop ! met en sc\u00e8ne Yuji [&hellip;]<\/p>\n","protected":false},"featured_media":243769,"comment_status":"open","ping_status":"closed","template":"","meta":[],"product_cat":[28,17],"product_tag":[],"aioseo_notices":[],"jetpack_sharing_enabled":true,"_links":{"self":[{"href":"https:\/\/pop-co.fr\/index.php\/wp-json\/wp\/v2\/product\/7098"}],"collection":[{"href":"https:\/\/pop-co.fr\/index.php\/wp-json\/wp\/v2\/product"}],"about":[{"href":"https:\/\/pop-co.fr\/index.php\/wp-json\/wp\/v2\/types\/product"}],"replies":[{"embeddable":true,"href":"https:\/\/pop-co.fr\/index.php\/wp-json\/wp\/v2\/comments?post=7098"}],"version-history":[{"count":0,"href":"https:\/\/pop-co.fr\/index.php\/wp-json\/wp\/v2\/product\/7098\/revisions"}],"wp:featuredmedia":[{"embeddable":true,"href":"https:\/\/pop-co.fr\/index.php\/wp-json\/wp\/v2\/media\/243769"}],"wp:attachment":[{"href":"https:\/\/pop-co.fr\/index.php\/wp-json\/wp\/v2\/media?parent=7098"}],"wp:term":[{"taxonomy":"product_cat","embeddable":true,"href":"https:\/\/pop-co.fr\/index.php\/wp-json\/wp\/v2\/product_cat?post=7098"},{"taxonomy":"product_tag","embeddable":true,"href":"https:\/\/pop-co.fr\/index.php\/wp-json\/wp\/v2\/product_tag?post=7098"}],"curies":[{"name":"wp","href":"https:\/\/api.w.org\/{rel}","templated":true}]}}