{"id":7122,"date":"2024-02-20T19:51:30","date_gmt":"2024-02-20T18:51:30","guid":{"rendered":"https:\/\/pop-co.fr\/index.php\/product\/hunter-x-hunter-pop-n1156-killua-zoldyck\/"},"modified":"2025-06-28T14:21:04","modified_gmt":"2025-06-28T12:21:04","slug":"hunter-x-hunter-pop-n1156-killua-zoldyck","status":"publish","type":"product","link":"https:\/\/pop-co.fr\/index.php\/product\/hunter-x-hunter-pop-n1156-killua-zoldyck\/","title":{"rendered":"HUNTER X HUNTER &#8211; POP N\u00b01156 Killua Zoldyck"},"content":{"rendered":"<p>L&rsquo;histoire commence avec un jeune gar\u00e7on nomm\u00e9 Gon Freecss, qui d\u00e9couvre un jour que son p\u00e8re, qu&rsquo;il croyait mort, est en fait bien vivant. Il apprend que son p\u00e8re, Ging, est un \u00ab\u00a0chasseur\u00a0\u00bb l\u00e9gendaire, un individu qui a prouv\u00e9 qu&rsquo;il \u00e9tait un membre d&rsquo;\u00e9lite de l&rsquo;humanit\u00e9.<\/p>\n<p>Bien que Ging ait laiss\u00e9 son fils \u00e0 sa famille pour poursuivre ses propres r\u00eaves, Gon est d\u00e9termin\u00e9 \u00e0 suivre les traces de son p\u00e8re, \u00e0 passer le rigoureux \u00ab\u00a0Examen de Chasseur\u00a0\u00bb et \u00e0 retrouver son p\u00e8re pour devenir un Chasseur \u00e0 son tour.<\/p>\n<p>Cette figurine Pop ! repr\u00e9sente le meilleur ami de Gon Freecss, Killua Zoldyck, l&rsquo;h\u00e9ritier de la famille Zoldyck, jusqu&rsquo;\u00e0 ce qu&rsquo;il s&rsquo;enfuie de chez lui et devienne un chasseur d\u00e9butant. Il est accompagn\u00e9 de son Yo-Yo.<\/p>\n<p>Ajoutez les nouvelles figurines Pop ! Vinyl Hunter x Hunter \u00e0 votre collection Funko d\u00e8s aujourd&rsquo;hui !<\/p>\n","protected":false},"excerpt":{"rendered":"<p>L&rsquo;histoire commence avec un jeune gar\u00e7on nomm\u00e9 Gon Freecss, qui d\u00e9couvre un jour que son p\u00e8re, qu&rsquo;il croyait mort, est en fait bien vivant. Il apprend que son p\u00e8re, Ging, est un \u00ab\u00a0chasseur\u00a0\u00bb l\u00e9gendaire, un individu qui a prouv\u00e9 qu&rsquo;il \u00e9tait un membre d&rsquo;\u00e9lite de l&rsquo;humanit\u00e9. Bien que Ging ait laiss\u00e9 son fils \u00e0 sa [&hellip;]<\/p>\n","protected":false},"featured_media":243728,"comment_status":"open","ping_status":"closed","template":"","meta":[],"product_cat":[62,17],"product_tag":[],"aioseo_notices":[],"jetpack_sharing_enabled":true,"_links":{"self":[{"href":"https:\/\/pop-co.fr\/index.php\/wp-json\/wp\/v2\/product\/7122"}],"collection":[{"href":"https:\/\/pop-co.fr\/index.php\/wp-json\/wp\/v2\/product"}],"about":[{"href":"https:\/\/pop-co.fr\/index.php\/wp-json\/wp\/v2\/types\/product"}],"replies":[{"embeddable":true,"href":"https:\/\/pop-co.fr\/index.php\/wp-json\/wp\/v2\/comments?post=7122"}],"version-history":[{"count":0,"href":"https:\/\/pop-co.fr\/index.php\/wp-json\/wp\/v2\/product\/7122\/revisions"}],"wp:featuredmedia":[{"embeddable":true,"href":"https:\/\/pop-co.fr\/index.php\/wp-json\/wp\/v2\/media\/243728"}],"wp:attachment":[{"href":"https:\/\/pop-co.fr\/index.php\/wp-json\/wp\/v2\/media?parent=7122"}],"wp:term":[{"taxonomy":"product_cat","embeddable":true,"href":"https:\/\/pop-co.fr\/index.php\/wp-json\/wp\/v2\/product_cat?post=7122"},{"taxonomy":"product_tag","embeddable":true,"href":"https:\/\/pop-co.fr\/index.php\/wp-json\/wp\/v2\/product_tag?post=7122"}],"curies":[{"name":"wp","href":"https:\/\/api.w.org\/{rel}","templated":true}]}}