{"id":7150,"date":"2024-02-20T19:52:04","date_gmt":"2024-02-20T18:52:04","guid":{"rendered":"https:\/\/pop-co.fr\/index.php\/product\/tirelire-dragon-ball-shenron-collector\/"},"modified":"2024-02-20T19:52:04","modified_gmt":"2024-02-20T18:52:04","slug":"tirelire-dragon-ball-shenron-collector","status":"publish","type":"product","link":"https:\/\/pop-co.fr\/index.php\/product\/tirelire-dragon-ball-shenron-collector\/","title":{"rendered":"TIRELIRE &#8211; DRAGON BALL &#8211; Shenron (collector)"},"content":{"rendered":"<p>Shenron est un dragon sacr\u00e9. Selon la l\u00e9gende, il exauce le v\u0153u de celui qui r\u00e9ussit \u00e0 r\u00e9unir les sept boules de cristal. Il poss\u00e8de des pouvoirs si puissants qu&rsquo;il peut m\u00eame ressusciter les morts ! Les fans de Dragon Ball seront ravis de retrouver l&rsquo;univers du manga \u00e0 succ\u00e8s \u00e0 travers cette magnifique tirelire collector de 26 cm de hauteur.<\/p>\n<p>Sp\u00e9cificit\u00e9s :<br \/>\n&#8211; Tirelire en PVC peint \u00e0 la main, sous licence officielle<br \/>\n&#8211; Objet limit\u00e9 mais sans indication de tirage accompagn\u00e9 de sa bo\u00eete d\u00e9cor avec fen\u00eatre<\/p>\n","protected":false},"excerpt":{"rendered":"<p>Shenron est un dragon sacr\u00e9. Selon la l\u00e9gende, il exauce le v\u0153u de celui qui r\u00e9ussit \u00e0 r\u00e9unir les sept boules de cristal. Il poss\u00e8de des pouvoirs si puissants qu&rsquo;il peut m\u00eame ressusciter les morts ! Les fans de Dragon Ball seront ravis de retrouver l&rsquo;univers du manga \u00e0 succ\u00e8s \u00e0 travers cette magnifique tirelire [&hellip;]<\/p>\n","protected":false},"featured_media":7148,"comment_status":"open","ping_status":"closed","template":"","meta":[],"product_cat":[17,23],"product_tag":[],"aioseo_notices":[],"jetpack_sharing_enabled":true,"_links":{"self":[{"href":"https:\/\/pop-co.fr\/index.php\/wp-json\/wp\/v2\/product\/7150"}],"collection":[{"href":"https:\/\/pop-co.fr\/index.php\/wp-json\/wp\/v2\/product"}],"about":[{"href":"https:\/\/pop-co.fr\/index.php\/wp-json\/wp\/v2\/types\/product"}],"replies":[{"embeddable":true,"href":"https:\/\/pop-co.fr\/index.php\/wp-json\/wp\/v2\/comments?post=7150"}],"version-history":[{"count":0,"href":"https:\/\/pop-co.fr\/index.php\/wp-json\/wp\/v2\/product\/7150\/revisions"}],"wp:featuredmedia":[{"embeddable":true,"href":"https:\/\/pop-co.fr\/index.php\/wp-json\/wp\/v2\/media\/7148"}],"wp:attachment":[{"href":"https:\/\/pop-co.fr\/index.php\/wp-json\/wp\/v2\/media?parent=7150"}],"wp:term":[{"taxonomy":"product_cat","embeddable":true,"href":"https:\/\/pop-co.fr\/index.php\/wp-json\/wp\/v2\/product_cat?post=7150"},{"taxonomy":"product_tag","embeddable":true,"href":"https:\/\/pop-co.fr\/index.php\/wp-json\/wp\/v2\/product_tag?post=7150"}],"curies":[{"name":"wp","href":"https:\/\/api.w.org\/{rel}","templated":true}]}}