{"id":7154,"date":"2024-02-20T19:52:09","date_gmt":"2024-02-20T18:52:09","guid":{"rendered":"https:\/\/pop-co.fr\/index.php\/product\/porte-cles-disney-chat-du-cheshire-alice-au-pays-des-merveilles\/"},"modified":"2025-06-28T14:21:20","modified_gmt":"2025-06-28T12:21:20","slug":"porte-cles-disney-chat-du-cheshire-alice-au-pays-des-merveilles","status":"publish","type":"product","link":"https:\/\/pop-co.fr\/index.php\/product\/porte-cles-disney-chat-du-cheshire-alice-au-pays-des-merveilles\/","title":{"rendered":"PORTE CLES &#8211; DISNEY &#8211; Chat du Cheshire (Alice au pays des merveilles)"},"content":{"rendered":"<p>La folie ? Tout le monde est fou au Pays des Merveilles ! Vous aussi, affirmez la v\u00f4tre avec ce porte-cl\u00e9s Chat du Cheshire, la personnification de la folie ! <\/p>\n<p>&#8211; Porte-cl\u00e9s en m\u00e9tal de haute qualit\u00e9<br \/>\n&#8211; Packaging attractif, adapt\u00e9 \u00e0 la mise en rayon<br \/>\n&#8211; 100 % officiel : copyright et logo grav\u00e9s au dos du porte-cl\u00e9s<br \/>\n&#8211; Dimensions : H. 4 cm x L. 4 cm<\/p>\n","protected":false},"excerpt":{"rendered":"<p>La folie ? Tout le monde est fou au Pays des Merveilles ! Vous aussi, affirmez la v\u00f4tre avec ce porte-cl\u00e9s Chat du Cheshire, la personnification de la folie ! &#8211; Porte-cl\u00e9s en m\u00e9tal de haute qualit\u00e9 &#8211; Packaging attractif, adapt\u00e9 \u00e0 la mise en rayon &#8211; 100 % officiel : copyright et logo grav\u00e9s [&hellip;]<\/p>\n","protected":false},"featured_media":157126,"comment_status":"open","ping_status":"closed","template":"","meta":[],"product_cat":[29],"product_tag":[],"aioseo_notices":[],"jetpack_sharing_enabled":true,"_links":{"self":[{"href":"https:\/\/pop-co.fr\/index.php\/wp-json\/wp\/v2\/product\/7154"}],"collection":[{"href":"https:\/\/pop-co.fr\/index.php\/wp-json\/wp\/v2\/product"}],"about":[{"href":"https:\/\/pop-co.fr\/index.php\/wp-json\/wp\/v2\/types\/product"}],"replies":[{"embeddable":true,"href":"https:\/\/pop-co.fr\/index.php\/wp-json\/wp\/v2\/comments?post=7154"}],"version-history":[{"count":0,"href":"https:\/\/pop-co.fr\/index.php\/wp-json\/wp\/v2\/product\/7154\/revisions"}],"wp:featuredmedia":[{"embeddable":true,"href":"https:\/\/pop-co.fr\/index.php\/wp-json\/wp\/v2\/media\/157126"}],"wp:attachment":[{"href":"https:\/\/pop-co.fr\/index.php\/wp-json\/wp\/v2\/media?parent=7154"}],"wp:term":[{"taxonomy":"product_cat","embeddable":true,"href":"https:\/\/pop-co.fr\/index.php\/wp-json\/wp\/v2\/product_cat?post=7154"},{"taxonomy":"product_tag","embeddable":true,"href":"https:\/\/pop-co.fr\/index.php\/wp-json\/wp\/v2\/product_tag?post=7154"}],"curies":[{"name":"wp","href":"https:\/\/api.w.org\/{rel}","templated":true}]}}