{"id":7158,"date":"2024-02-20T19:52:14","date_gmt":"2024-02-20T18:52:14","guid":{"rendered":"https:\/\/pop-co.fr\/index.php\/product\/q-posket-inuyasha-sesshomaru\/"},"modified":"2025-09-09T14:13:58","modified_gmt":"2025-09-09T12:13:58","slug":"q-posket-inuyasha-sesshomaru","status":"publish","type":"product","link":"https:\/\/pop-co.fr\/index.php\/product\/q-posket-inuyasha-sesshomaru\/","title":{"rendered":"Q POSKET &#8211; INUYASHA &#8211; Sesshomaru"},"content":{"rendered":"<p>Figurine Q Posket 15cm ver.B<\/p>\n<p>Figurine haute qualit\u00e9 en PVC, sous licence officielle. Mod\u00e8le fabriqu\u00e9 par Banpresto.<\/p>\n","protected":false},"excerpt":{"rendered":"<p>Figurine Q Posket 15cm ver.B Figurine haute qualit\u00e9 en PVC, sous licence officielle. Mod\u00e8le fabriqu\u00e9 par Banpresto.<\/p>\n","protected":false},"featured_media":358336,"comment_status":"open","ping_status":"closed","template":"","meta":[],"product_cat":[17,18],"product_tag":[],"aioseo_notices":[],"jetpack_sharing_enabled":true,"_links":{"self":[{"href":"https:\/\/pop-co.fr\/index.php\/wp-json\/wp\/v2\/product\/7158"}],"collection":[{"href":"https:\/\/pop-co.fr\/index.php\/wp-json\/wp\/v2\/product"}],"about":[{"href":"https:\/\/pop-co.fr\/index.php\/wp-json\/wp\/v2\/types\/product"}],"replies":[{"embeddable":true,"href":"https:\/\/pop-co.fr\/index.php\/wp-json\/wp\/v2\/comments?post=7158"}],"version-history":[{"count":0,"href":"https:\/\/pop-co.fr\/index.php\/wp-json\/wp\/v2\/product\/7158\/revisions"}],"wp:featuredmedia":[{"embeddable":true,"href":"https:\/\/pop-co.fr\/index.php\/wp-json\/wp\/v2\/media\/358336"}],"wp:attachment":[{"href":"https:\/\/pop-co.fr\/index.php\/wp-json\/wp\/v2\/media?parent=7158"}],"wp:term":[{"taxonomy":"product_cat","embeddable":true,"href":"https:\/\/pop-co.fr\/index.php\/wp-json\/wp\/v2\/product_cat?post=7158"},{"taxonomy":"product_tag","embeddable":true,"href":"https:\/\/pop-co.fr\/index.php\/wp-json\/wp\/v2\/product_tag?post=7158"}],"curies":[{"name":"wp","href":"https:\/\/api.w.org\/{rel}","templated":true}]}}