{"id":7170,"date":"2024-02-20T19:52:27","date_gmt":"2024-02-20T18:52:27","guid":{"rendered":"https:\/\/pop-co.fr\/index.php\/product\/gourde-metal-stranger-things-hellfire-club\/"},"modified":"2025-07-05T13:22:57","modified_gmt":"2025-07-05T11:22:57","slug":"gourde-metal-stranger-things-hellfire-club","status":"publish","type":"product","link":"https:\/\/pop-co.fr\/index.php\/product\/gourde-metal-stranger-things-hellfire-club\/","title":{"rendered":"GOURDE METAL &#8211; STRANGER THINGS &#8211; Hellfire Club"},"content":{"rendered":"<p>Chasseurs de d\u00e9mogorgon, ajoutez cette pratique bouteille d&rsquo;eau en m\u00e9tal du Hellfire Club \u00e0 votre inventaire de joueur.<\/p>\n<p>La bouteille d&rsquo;eau noire en acier inoxydable de 500 ml (16 oz) porte le logo du Hellfire Club de Hawkins High de la s\u00e9rie originale de Netflix, Stranger Things. Le d\u00e9mon cornu et enflamm\u00e9 du logo occupe le devant de la sc\u00e8ne aux c\u00f4t\u00e9s d&rsquo;une \u00e9p\u00e9e longue et d&rsquo;un fl\u00e9au recouverts de flammes. La bouteille r\u00e9utilisable est munie d&rsquo;un couvercle \u00e0 vis pour que vous puissiez la garder dans votre sac sans craindre les renversements ou les fuites, ainsi que d&rsquo;un autocollant assorti du logo du club.<\/p>\n<p>La bouteille d&rsquo;eau en m\u00e9tal Hellfire Club est la pi\u00e8ce parfaite pour les fans de Stranger Things.<\/p>\n","protected":false},"excerpt":{"rendered":"<p>Chasseurs de d\u00e9mogorgon, ajoutez cette pratique bouteille d&rsquo;eau en m\u00e9tal du Hellfire Club \u00e0 votre inventaire de joueur. La bouteille d&rsquo;eau noire en acier inoxydable de 500 ml (16 oz) porte le logo du Hellfire Club de Hawkins High de la s\u00e9rie originale de Netflix, Stranger Things. Le d\u00e9mon cornu et enflamm\u00e9 du logo occupe [&hellip;]<\/p>\n","protected":false},"featured_media":353759,"comment_status":"open","ping_status":"closed","template":"","meta":[],"product_cat":[39,42],"product_tag":[],"aioseo_notices":[],"jetpack_sharing_enabled":true,"_links":{"self":[{"href":"https:\/\/pop-co.fr\/index.php\/wp-json\/wp\/v2\/product\/7170"}],"collection":[{"href":"https:\/\/pop-co.fr\/index.php\/wp-json\/wp\/v2\/product"}],"about":[{"href":"https:\/\/pop-co.fr\/index.php\/wp-json\/wp\/v2\/types\/product"}],"replies":[{"embeddable":true,"href":"https:\/\/pop-co.fr\/index.php\/wp-json\/wp\/v2\/comments?post=7170"}],"version-history":[{"count":0,"href":"https:\/\/pop-co.fr\/index.php\/wp-json\/wp\/v2\/product\/7170\/revisions"}],"wp:featuredmedia":[{"embeddable":true,"href":"https:\/\/pop-co.fr\/index.php\/wp-json\/wp\/v2\/media\/353759"}],"wp:attachment":[{"href":"https:\/\/pop-co.fr\/index.php\/wp-json\/wp\/v2\/media?parent=7170"}],"wp:term":[{"taxonomy":"product_cat","embeddable":true,"href":"https:\/\/pop-co.fr\/index.php\/wp-json\/wp\/v2\/product_cat?post=7170"},{"taxonomy":"product_tag","embeddable":true,"href":"https:\/\/pop-co.fr\/index.php\/wp-json\/wp\/v2\/product_tag?post=7170"}],"curies":[{"name":"wp","href":"https:\/\/api.w.org\/{rel}","templated":true}]}}