{"id":7189,"date":"2024-02-20T19:52:54","date_gmt":"2024-02-20T18:52:54","guid":{"rendered":"https:\/\/pop-co.fr\/index.php\/product\/jujutsu-kaisen-pop-n111-yuji-itadori\/"},"modified":"2025-06-28T12:52:27","modified_gmt":"2025-06-28T10:52:27","slug":"jujutsu-kaisen-pop-n111-yuji-itadori","status":"publish","type":"product","link":"https:\/\/pop-co.fr\/index.php\/product\/jujutsu-kaisen-pop-n111-yuji-itadori\/","title":{"rendered":"JUJUTSU KAISEN &#8211; POP N\u00b0111 Yuji Itadori"},"content":{"rendered":"<p>Pop Jujutsu Kaisen : Yuji,<\/p>\n<p>mesure 9cm,<\/p>\n<p>produit pr\u00e9sent\u00e9 en bo\u00eete vitrine.<\/p>\n","protected":false},"excerpt":{"rendered":"<p>Pop Jujutsu Kaisen : Yuji, mesure 9cm, produit pr\u00e9sent\u00e9 en bo\u00eete vitrine.<\/p>\n","protected":false},"featured_media":346798,"comment_status":"open","ping_status":"closed","template":"","meta":[],"product_cat":[17,28],"product_tag":[],"aioseo_notices":[],"jetpack_sharing_enabled":true,"_links":{"self":[{"href":"https:\/\/pop-co.fr\/index.php\/wp-json\/wp\/v2\/product\/7189"}],"collection":[{"href":"https:\/\/pop-co.fr\/index.php\/wp-json\/wp\/v2\/product"}],"about":[{"href":"https:\/\/pop-co.fr\/index.php\/wp-json\/wp\/v2\/types\/product"}],"replies":[{"embeddable":true,"href":"https:\/\/pop-co.fr\/index.php\/wp-json\/wp\/v2\/comments?post=7189"}],"version-history":[{"count":0,"href":"https:\/\/pop-co.fr\/index.php\/wp-json\/wp\/v2\/product\/7189\/revisions"}],"wp:featuredmedia":[{"embeddable":true,"href":"https:\/\/pop-co.fr\/index.php\/wp-json\/wp\/v2\/media\/346798"}],"wp:attachment":[{"href":"https:\/\/pop-co.fr\/index.php\/wp-json\/wp\/v2\/media?parent=7189"}],"wp:term":[{"taxonomy":"product_cat","embeddable":true,"href":"https:\/\/pop-co.fr\/index.php\/wp-json\/wp\/v2\/product_cat?post=7189"},{"taxonomy":"product_tag","embeddable":true,"href":"https:\/\/pop-co.fr\/index.php\/wp-json\/wp\/v2\/product_tag?post=7189"}],"curies":[{"name":"wp","href":"https:\/\/api.w.org\/{rel}","templated":true}]}}