{"id":7229,"date":"2024-02-20T19:53:40","date_gmt":"2024-02-20T18:53:40","guid":{"rendered":"https:\/\/pop-co.fr\/index.php\/product\/bijou-disney-collier-rose-enchantee-laiton-plaque-pierre-rose-la-belle-et-la-bete\/"},"modified":"2025-06-28T14:21:57","modified_gmt":"2025-06-28T12:21:57","slug":"bijou-disney-collier-rose-enchantee-laiton-plaque-pierre-rose-la-belle-et-la-bete","status":"publish","type":"product","link":"https:\/\/pop-co.fr\/index.php\/product\/bijou-disney-collier-rose-enchantee-laiton-plaque-pierre-rose-la-belle-et-la-bete\/","title":{"rendered":"BIJOU &#8211; DISNEY &#8211; Collier rose enchant\u00e9e (laiton plaqu\u00e9 + pierre rose) (La belle et la b\u00eate)"},"content":{"rendered":"<p>Le collier en laiton La B\u00eate et La B\u00eate Rose est une pi\u00e8ce unique et \u00e9l\u00e9gante qui s&rsquo;accordera \u00e0 tous les styles. Une plaque dor\u00e9e orn\u00e9e d&rsquo;une pierre rose, associ\u00e9e \u00e0 un pendentif, cr\u00e9ent une pi\u00e8ce \u00e0 la fois sophistiqu\u00e9e et audacieuse. Ce collier en laiton est un ajout original \u00e0 votre garde-robe et sera le point focal de toute tenue. Le pendentif est \u00e0 la fois robuste et durable, vous offrant un look sophistiqu\u00e9 qui durera. Enfin, la pierre rose ajoute une touche de couleur et de fantaisie \u00e0 ce collier. La B\u00eate et La B\u00eate Rose est une pi\u00e8ce audacieuse et intemporelle qui compl\u00e9tera votre garde-robe.<\/p>\n","protected":false},"excerpt":{"rendered":"<p>Le collier en laiton La B\u00eate et La B\u00eate Rose est une pi\u00e8ce unique et \u00e9l\u00e9gante qui s&rsquo;accordera \u00e0 tous les styles. Une plaque dor\u00e9e orn\u00e9e d&rsquo;une pierre rose, associ\u00e9e \u00e0 un pendentif, cr\u00e9ent une pi\u00e8ce \u00e0 la fois sophistiqu\u00e9e et audacieuse. Ce collier en laiton est un ajout original \u00e0 votre garde-robe et sera [&hellip;]<\/p>\n","protected":false},"featured_media":282415,"comment_status":"open","ping_status":"closed","template":"","meta":[],"product_cat":[33],"product_tag":[],"aioseo_notices":[],"jetpack_sharing_enabled":true,"_links":{"self":[{"href":"https:\/\/pop-co.fr\/index.php\/wp-json\/wp\/v2\/product\/7229"}],"collection":[{"href":"https:\/\/pop-co.fr\/index.php\/wp-json\/wp\/v2\/product"}],"about":[{"href":"https:\/\/pop-co.fr\/index.php\/wp-json\/wp\/v2\/types\/product"}],"replies":[{"embeddable":true,"href":"https:\/\/pop-co.fr\/index.php\/wp-json\/wp\/v2\/comments?post=7229"}],"version-history":[{"count":0,"href":"https:\/\/pop-co.fr\/index.php\/wp-json\/wp\/v2\/product\/7229\/revisions"}],"wp:featuredmedia":[{"embeddable":true,"href":"https:\/\/pop-co.fr\/index.php\/wp-json\/wp\/v2\/media\/282415"}],"wp:attachment":[{"href":"https:\/\/pop-co.fr\/index.php\/wp-json\/wp\/v2\/media?parent=7229"}],"wp:term":[{"taxonomy":"product_cat","embeddable":true,"href":"https:\/\/pop-co.fr\/index.php\/wp-json\/wp\/v2\/product_cat?post=7229"},{"taxonomy":"product_tag","embeddable":true,"href":"https:\/\/pop-co.fr\/index.php\/wp-json\/wp\/v2\/product_tag?post=7229"}],"curies":[{"name":"wp","href":"https:\/\/api.w.org\/{rel}","templated":true}]}}