{"id":7236,"date":"2024-02-20T19:53:47","date_gmt":"2024-02-20T18:53:47","guid":{"rendered":"https:\/\/pop-co.fr\/index.php\/product\/hunter-x-hunter-pop-n1133-bisky\/"},"modified":"2025-07-29T10:58:24","modified_gmt":"2025-07-29T08:58:24","slug":"hunter-x-hunter-pop-n1133-bisky","status":"publish","type":"product","link":"https:\/\/pop-co.fr\/index.php\/product\/hunter-x-hunter-pop-n1133-bisky\/","title":{"rendered":"HUNTER X HUNTER &#8211; POP N\u00b01133 Bisky"},"content":{"rendered":"<p>Cr\u00e9\u00e9e en 2011, Hunter x Hunter est une s\u00e9rie anim\u00e9e japonaise qui est un reboot de la s\u00e9rie originale de 1999 bas\u00e9e sur le manga.<\/p>\n<p>L&rsquo;histoire commence avec un jeune gar\u00e7on nomm\u00e9 Gon Freecss, qui d\u00e9couvre un jour que son p\u00e8re, qu&rsquo;il croyait mort, est en fait bien vivant. Il apprend que son p\u00e8re, Ging, est un \u00ab\u00a0chasseur\u00a0\u00bb l\u00e9gendaire, un individu qui s&rsquo;est r\u00e9v\u00e9l\u00e9 \u00eatre un membre d&rsquo;\u00e9lite de l&rsquo;humanit\u00e9.<\/p>\n<p>Malgr\u00e9 le fait que Ging ait laiss\u00e9 son fils \u00e0 sa famille pour poursuivre ses propres r\u00eaves, Gon est d\u00e9termin\u00e9 \u00e0 suivre les traces de son p\u00e8re, \u00e0 passer le rigoureux \u00ab\u00a0examen de chasseur\u00a0\u00bb et \u00e0 retrouver son p\u00e8re pour devenir lui-m\u00eame un chasseur.<\/p>\n<p>Ce Pop ! met en sc\u00e8ne Biscuit Kreuger, alias \u00ab\u00a0Bisky\u00a0\u00bb, un chasseur de pierres doublement \u00e9toil\u00e9 qui a \u00e9t\u00e9 engag\u00e9 par Battera pour nettoyer l&rsquo;\u00eele de la cupidit\u00e9 apr\u00e8s la vente aux ench\u00e8res du jeu \u00e0 Yorknew City.<\/p>\n","protected":false},"excerpt":{"rendered":"<p>Cr\u00e9\u00e9e en 2011, Hunter x Hunter est une s\u00e9rie anim\u00e9e japonaise qui est un reboot de la s\u00e9rie originale de 1999 bas\u00e9e sur le manga. L&rsquo;histoire commence avec un jeune gar\u00e7on nomm\u00e9 Gon Freecss, qui d\u00e9couvre un jour que son p\u00e8re, qu&rsquo;il croyait mort, est en fait bien vivant. Il apprend que son p\u00e8re, Ging, [&hellip;]<\/p>\n","protected":false},"featured_media":355884,"comment_status":"open","ping_status":"closed","template":"","meta":[],"product_cat":[17,62],"product_tag":[],"aioseo_notices":[],"jetpack_sharing_enabled":true,"_links":{"self":[{"href":"https:\/\/pop-co.fr\/index.php\/wp-json\/wp\/v2\/product\/7236"}],"collection":[{"href":"https:\/\/pop-co.fr\/index.php\/wp-json\/wp\/v2\/product"}],"about":[{"href":"https:\/\/pop-co.fr\/index.php\/wp-json\/wp\/v2\/types\/product"}],"replies":[{"embeddable":true,"href":"https:\/\/pop-co.fr\/index.php\/wp-json\/wp\/v2\/comments?post=7236"}],"version-history":[{"count":0,"href":"https:\/\/pop-co.fr\/index.php\/wp-json\/wp\/v2\/product\/7236\/revisions"}],"wp:featuredmedia":[{"embeddable":true,"href":"https:\/\/pop-co.fr\/index.php\/wp-json\/wp\/v2\/media\/355884"}],"wp:attachment":[{"href":"https:\/\/pop-co.fr\/index.php\/wp-json\/wp\/v2\/media?parent=7236"}],"wp:term":[{"taxonomy":"product_cat","embeddable":true,"href":"https:\/\/pop-co.fr\/index.php\/wp-json\/wp\/v2\/product_cat?post=7236"},{"taxonomy":"product_tag","embeddable":true,"href":"https:\/\/pop-co.fr\/index.php\/wp-json\/wp\/v2\/product_tag?post=7236"}],"curies":[{"name":"wp","href":"https:\/\/api.w.org\/{rel}","templated":true}]}}