{"id":7266,"date":"2024-02-20T19:54:19","date_gmt":"2024-02-20T18:54:19","guid":{"rendered":"https:\/\/pop-co.fr\/index.php\/product\/jujutsu-kaisen-pop-n1115-mahito\/"},"modified":"2025-07-29T10:58:20","modified_gmt":"2025-07-29T08:58:20","slug":"jujutsu-kaisen-pop-n1115-mahito","status":"publish","type":"product","link":"https:\/\/pop-co.fr\/index.php\/product\/jujutsu-kaisen-pop-n1115-mahito\/","title":{"rendered":"JUJUTSU KAISEN &#8211; POP N\u00b01115 Mahito"},"content":{"rendered":"<p>Jujutsu Kaisen est une s\u00e9rie manga\/anime japonaise qui suit l&rsquo;histoire d&rsquo;un lyc\u00e9en, Yuji Itadori, alors qu&rsquo;il rejoint une organisation secr\u00e8te de sorciers Jujutsu afin de tuer une puissante mal\u00e9diction nomm\u00e9e Ryomen Sukuna, dont Yuji devient l&rsquo;h\u00f4te.<\/p>\n<p>Cette Pop ! pr\u00e9sente Mahito, un esprit maudit alli\u00e9 \u00e0 Pseudo-Geto. Le but ultime de son groupe est d&rsquo;\u00e9radiquer l&rsquo;humanit\u00e9 et de remplacer la population par des esprits maudits. <\/p>\n<p>Ajoutez les figurines Jujutsu Kaisen Pop ! Vinyl Jujutsu Kaisen \u00e0 votre collection Funko !<\/p>\n","protected":false},"excerpt":{"rendered":"<p>Jujutsu Kaisen est une s\u00e9rie manga\/anime japonaise qui suit l&rsquo;histoire d&rsquo;un lyc\u00e9en, Yuji Itadori, alors qu&rsquo;il rejoint une organisation secr\u00e8te de sorciers Jujutsu afin de tuer une puissante mal\u00e9diction nomm\u00e9e Ryomen Sukuna, dont Yuji devient l&rsquo;h\u00f4te. Cette Pop ! pr\u00e9sente Mahito, un esprit maudit alli\u00e9 \u00e0 Pseudo-Geto. Le but ultime de son groupe est d&rsquo;\u00e9radiquer [&hellip;]<\/p>\n","protected":false},"featured_media":355883,"comment_status":"open","ping_status":"closed","template":"","meta":[],"product_cat":[17,28],"product_tag":[],"aioseo_notices":[],"jetpack_sharing_enabled":true,"_links":{"self":[{"href":"https:\/\/pop-co.fr\/index.php\/wp-json\/wp\/v2\/product\/7266"}],"collection":[{"href":"https:\/\/pop-co.fr\/index.php\/wp-json\/wp\/v2\/product"}],"about":[{"href":"https:\/\/pop-co.fr\/index.php\/wp-json\/wp\/v2\/types\/product"}],"replies":[{"embeddable":true,"href":"https:\/\/pop-co.fr\/index.php\/wp-json\/wp\/v2\/comments?post=7266"}],"version-history":[{"count":0,"href":"https:\/\/pop-co.fr\/index.php\/wp-json\/wp\/v2\/product\/7266\/revisions"}],"wp:featuredmedia":[{"embeddable":true,"href":"https:\/\/pop-co.fr\/index.php\/wp-json\/wp\/v2\/media\/355883"}],"wp:attachment":[{"href":"https:\/\/pop-co.fr\/index.php\/wp-json\/wp\/v2\/media?parent=7266"}],"wp:term":[{"taxonomy":"product_cat","embeddable":true,"href":"https:\/\/pop-co.fr\/index.php\/wp-json\/wp\/v2\/product_cat?post=7266"},{"taxonomy":"product_tag","embeddable":true,"href":"https:\/\/pop-co.fr\/index.php\/wp-json\/wp\/v2\/product_tag?post=7266"}],"curies":[{"name":"wp","href":"https:\/\/api.w.org\/{rel}","templated":true}]}}