{"id":7312,"date":"2024-02-20T19:55:09","date_gmt":"2024-02-20T18:55:09","guid":{"rendered":"https:\/\/pop-co.fr\/index.php\/product\/chibi-posters-x2-aot-mikes-ackerman-et-levi-ackerman\/"},"modified":"2025-09-03T17:35:52","modified_gmt":"2025-09-03T15:35:52","slug":"chibi-posters-x2-aot-mikes-ackerman-et-levi-ackerman","status":"publish","type":"product","link":"https:\/\/pop-co.fr\/index.php\/product\/chibi-posters-x2-aot-mikes-ackerman-et-levi-ackerman\/","title":{"rendered":"CHIBI POSTERS X2 &#8211; AOT &#8211; Mikasa Ackerman et Levi Ackerman"},"content":{"rendered":"<p>Dans la saison 4 de l&rsquo;Attaque des Titans, Levi et Mikasa sont pr\u00eats \u00e0 se battre sur ce set de chibi posters chibi par GB eye ! <\/p>\n<p>&#8211; Grammage exceptionnel exclusif GB eye : 170 g\/m\u00b2 sur papier brillant. Impression haute qualit\u00e9 en offset.<br \/>\n&#8211; 2 posters emball\u00e9s dans un \u00e9tui carton \u00e0 la licence.<br \/>\n&#8211; Dimensions : 52 cm x 38 cm<\/p>\n","protected":false},"excerpt":{"rendered":"<p>Dans la saison 4 de l&rsquo;Attaque des Titans, Levi et Mikasa sont pr\u00eats \u00e0 se battre sur ce set de chibi posters chibi par GB eye ! &#8211; Grammage exceptionnel exclusif GB eye : 170 g\/m\u00b2 sur papier brillant. Impression haute qualit\u00e9 en offset. &#8211; 2 posters emball\u00e9s dans un \u00e9tui carton \u00e0 la licence. [&hellip;]<\/p>\n","protected":false},"featured_media":358069,"comment_status":"open","ping_status":"closed","template":"","meta":[],"product_cat":[76],"product_tag":[],"aioseo_notices":[],"jetpack_sharing_enabled":true,"_links":{"self":[{"href":"https:\/\/pop-co.fr\/index.php\/wp-json\/wp\/v2\/product\/7312"}],"collection":[{"href":"https:\/\/pop-co.fr\/index.php\/wp-json\/wp\/v2\/product"}],"about":[{"href":"https:\/\/pop-co.fr\/index.php\/wp-json\/wp\/v2\/types\/product"}],"replies":[{"embeddable":true,"href":"https:\/\/pop-co.fr\/index.php\/wp-json\/wp\/v2\/comments?post=7312"}],"version-history":[{"count":0,"href":"https:\/\/pop-co.fr\/index.php\/wp-json\/wp\/v2\/product\/7312\/revisions"}],"wp:featuredmedia":[{"embeddable":true,"href":"https:\/\/pop-co.fr\/index.php\/wp-json\/wp\/v2\/media\/358069"}],"wp:attachment":[{"href":"https:\/\/pop-co.fr\/index.php\/wp-json\/wp\/v2\/media?parent=7312"}],"wp:term":[{"taxonomy":"product_cat","embeddable":true,"href":"https:\/\/pop-co.fr\/index.php\/wp-json\/wp\/v2\/product_cat?post=7312"},{"taxonomy":"product_tag","embeddable":true,"href":"https:\/\/pop-co.fr\/index.php\/wp-json\/wp\/v2\/product_tag?post=7312"}],"curies":[{"name":"wp","href":"https:\/\/api.w.org\/{rel}","templated":true}]}}