{"id":7317,"date":"2024-02-20T19:55:14","date_gmt":"2024-02-20T18:55:14","guid":{"rendered":"https:\/\/pop-co.fr\/index.php\/product\/chibi-posters-x2-pokemon-pokemon-kanto\/"},"modified":"2025-06-28T14:22:43","modified_gmt":"2025-06-28T12:22:43","slug":"chibi-posters-x2-pokemon-pokemon-kanto","status":"publish","type":"product","link":"https:\/\/pop-co.fr\/index.php\/product\/chibi-posters-x2-pokemon-pokemon-kanto\/","title":{"rendered":"CHIBI POSTERS X2 &#8211; POKEMON &#8211; Pok\u00e9mon Kanto"},"content":{"rendered":"<p>\u00c9gayez vos murs avec cette s\u00e9lection color\u00e9e de Pokemons gr\u00e2ce \u00e0 ces chibi posters par GB eye ! <\/p>\n<p>&#8211; Grammage exceptionnel exclusif GB eye : 170 g\/m\u00b2 sur papier brillant. Impression haute qualit\u00e9 en offset.<br \/>\n&#8211; 2 posters emball\u00e9s dans un \u00e9tui carton \u00e0 la licence.<br \/>\n&#8211; Dimensions : 52 cm x 38 cm<\/p>\n","protected":false},"excerpt":{"rendered":"<p>\u00c9gayez vos murs avec cette s\u00e9lection color\u00e9e de Pokemons gr\u00e2ce \u00e0 ces chibi posters par GB eye ! &#8211; Grammage exceptionnel exclusif GB eye : 170 g\/m\u00b2 sur papier brillant. Impression haute qualit\u00e9 en offset. &#8211; 2 posters emball\u00e9s dans un \u00e9tui carton \u00e0 la licence. &#8211; Dimensions : 52 cm x 38 cm<\/p>\n","protected":false},"featured_media":259093,"comment_status":"open","ping_status":"closed","template":"","meta":[],"product_cat":[76],"product_tag":[],"aioseo_notices":[],"jetpack_sharing_enabled":true,"_links":{"self":[{"href":"https:\/\/pop-co.fr\/index.php\/wp-json\/wp\/v2\/product\/7317"}],"collection":[{"href":"https:\/\/pop-co.fr\/index.php\/wp-json\/wp\/v2\/product"}],"about":[{"href":"https:\/\/pop-co.fr\/index.php\/wp-json\/wp\/v2\/types\/product"}],"replies":[{"embeddable":true,"href":"https:\/\/pop-co.fr\/index.php\/wp-json\/wp\/v2\/comments?post=7317"}],"version-history":[{"count":0,"href":"https:\/\/pop-co.fr\/index.php\/wp-json\/wp\/v2\/product\/7317\/revisions"}],"wp:featuredmedia":[{"embeddable":true,"href":"https:\/\/pop-co.fr\/index.php\/wp-json\/wp\/v2\/media\/259093"}],"wp:attachment":[{"href":"https:\/\/pop-co.fr\/index.php\/wp-json\/wp\/v2\/media?parent=7317"}],"wp:term":[{"taxonomy":"product_cat","embeddable":true,"href":"https:\/\/pop-co.fr\/index.php\/wp-json\/wp\/v2\/product_cat?post=7317"},{"taxonomy":"product_tag","embeddable":true,"href":"https:\/\/pop-co.fr\/index.php\/wp-json\/wp\/v2\/product_tag?post=7317"}],"curies":[{"name":"wp","href":"https:\/\/api.w.org\/{rel}","templated":true}]}}