{"id":74817,"date":"2024-04-30T01:37:45","date_gmt":"2024-04-29T23:37:45","guid":{"rendered":"https:\/\/pop-co.fr\/index.php\/product\/plaque-retro-metal-marvel-ant-man\/"},"modified":"2025-07-22T17:57:18","modified_gmt":"2025-07-22T15:57:18","slug":"plaque-retro-metal-marvel-ant-man","status":"publish","type":"product","link":"https:\/\/pop-co.fr\/index.php\/product\/plaque-retro-metal-marvel-ant-man\/","title":{"rendered":"PLAQUE RETRO METAL &#8211; MARVEL &#8211; Ant-man"},"content":{"rendered":"<p>Retrouvez chez vous les plaques embl\u00e9matiques des USA et de son univers Vintage. Plaque au format env. 30 x 40 cm. repr\u00e9sentant ANT-MAN RETRO PLAQUE US<br \/>\nPlaque fabriqu\u00e9e et conditionn\u00e9e aux ETATS UNIS, Vraie plaque am\u00e9ricaine<\/p>\n<p>Dimensions<br \/>\n30 x 40 cm<\/p>\n<p>Poids net<br \/>\n250g<\/p>\n<p>Mat\u00e9riaux<br \/>\nM\u00e9tal<\/p>\n","protected":false},"excerpt":{"rendered":"<p>Retrouvez chez vous les plaques embl\u00e9matiques des USA et de son univers Vintage. Plaque au format env. 30 x 40 cm. repr\u00e9sentant ANT-MAN RETRO PLAQUE US Plaque fabriqu\u00e9e et conditionn\u00e9e aux ETATS UNIS, Vraie plaque am\u00e9ricaine Dimensions 30 x 40 cm Poids net 250g Mat\u00e9riaux M\u00e9tal<\/p>\n","protected":false},"featured_media":354987,"comment_status":"open","ping_status":"closed","template":"","meta":[],"product_cat":[29,63],"product_tag":[],"aioseo_notices":[],"jetpack_sharing_enabled":true,"_links":{"self":[{"href":"https:\/\/pop-co.fr\/index.php\/wp-json\/wp\/v2\/product\/74817"}],"collection":[{"href":"https:\/\/pop-co.fr\/index.php\/wp-json\/wp\/v2\/product"}],"about":[{"href":"https:\/\/pop-co.fr\/index.php\/wp-json\/wp\/v2\/types\/product"}],"replies":[{"embeddable":true,"href":"https:\/\/pop-co.fr\/index.php\/wp-json\/wp\/v2\/comments?post=74817"}],"version-history":[{"count":0,"href":"https:\/\/pop-co.fr\/index.php\/wp-json\/wp\/v2\/product\/74817\/revisions"}],"wp:featuredmedia":[{"embeddable":true,"href":"https:\/\/pop-co.fr\/index.php\/wp-json\/wp\/v2\/media\/354987"}],"wp:attachment":[{"href":"https:\/\/pop-co.fr\/index.php\/wp-json\/wp\/v2\/media?parent=74817"}],"wp:term":[{"taxonomy":"product_cat","embeddable":true,"href":"https:\/\/pop-co.fr\/index.php\/wp-json\/wp\/v2\/product_cat?post=74817"},{"taxonomy":"product_tag","embeddable":true,"href":"https:\/\/pop-co.fr\/index.php\/wp-json\/wp\/v2\/product_tag?post=74817"}],"curies":[{"name":"wp","href":"https:\/\/api.w.org\/{rel}","templated":true}]}}