{"id":7497,"date":"2024-02-20T19:58:53","date_gmt":"2024-02-20T18:58:53","guid":{"rendered":"https:\/\/pop-co.fr\/index.php\/product\/mha-momo-yaoyorozu-figurine-17cm\/"},"modified":"2025-07-29T10:58:13","modified_gmt":"2025-07-29T08:58:13","slug":"mha-momo-yaoyorozu-figurine-17cm","status":"publish","type":"product","link":"https:\/\/pop-co.fr\/index.php\/product\/mha-momo-yaoyorozu-figurine-17cm\/","title":{"rendered":"MHA &#8211; Momo Yaoyorozu &#8211; Figurine 17cm"},"content":{"rendered":"<p>Figurine Age Of Heroes PVC 17cm<br \/>\nComposition : PVC<\/p>\n<p>La Figurine MY HERO ACADEMIA MOMO YAOYOROZU Age of Heroes 17cm est un objet de collection \u00e0 collectionner absolument pour les fans de l&rsquo;anime et du manga MY HERO ACADEMIA. Cette figurine aux couleurs vives est une r\u00e9plique tr\u00e8s fid\u00e8le du personnage MOMO YAOYOROZU, avec ses cheveux longs ondul\u00e9s et ses yeux expressifs. La Figurine MY HERO ACADEMIA MOMO YAOYOROZU Age of Heroes 17cm est faite de mat\u00e9riaux de qualit\u00e9 sup\u00e9rieure, ce qui lui conf\u00e8re une grande stabilit\u00e9 et une grande durabilit\u00e9. Elle est livr\u00e9e avec une base pour une pr\u00e9sentation optimale et une positionnement facile. Ne manquez pas cette chance d&rsquo;ajouter cette magnifique figurine \u00e0 votre collection!<\/p>\n","protected":false},"excerpt":{"rendered":"<p>Figurine Age Of Heroes PVC 17cm Composition : PVC La Figurine MY HERO ACADEMIA MOMO YAOYOROZU Age of Heroes 17cm est un objet de collection \u00e0 collectionner absolument pour les fans de l&rsquo;anime et du manga MY HERO ACADEMIA. Cette figurine aux couleurs vives est une r\u00e9plique tr\u00e8s fid\u00e8le du personnage MOMO YAOYOROZU, avec ses [&hellip;]<\/p>\n","protected":false},"featured_media":355876,"comment_status":"open","ping_status":"closed","template":"","meta":[],"product_cat":[17,26],"product_tag":[],"aioseo_notices":[],"jetpack_sharing_enabled":true,"_links":{"self":[{"href":"https:\/\/pop-co.fr\/index.php\/wp-json\/wp\/v2\/product\/7497"}],"collection":[{"href":"https:\/\/pop-co.fr\/index.php\/wp-json\/wp\/v2\/product"}],"about":[{"href":"https:\/\/pop-co.fr\/index.php\/wp-json\/wp\/v2\/types\/product"}],"replies":[{"embeddable":true,"href":"https:\/\/pop-co.fr\/index.php\/wp-json\/wp\/v2\/comments?post=7497"}],"version-history":[{"count":0,"href":"https:\/\/pop-co.fr\/index.php\/wp-json\/wp\/v2\/product\/7497\/revisions"}],"wp:featuredmedia":[{"embeddable":true,"href":"https:\/\/pop-co.fr\/index.php\/wp-json\/wp\/v2\/media\/355876"}],"wp:attachment":[{"href":"https:\/\/pop-co.fr\/index.php\/wp-json\/wp\/v2\/media?parent=7497"}],"wp:term":[{"taxonomy":"product_cat","embeddable":true,"href":"https:\/\/pop-co.fr\/index.php\/wp-json\/wp\/v2\/product_cat?post=7497"},{"taxonomy":"product_tag","embeddable":true,"href":"https:\/\/pop-co.fr\/index.php\/wp-json\/wp\/v2\/product_tag?post=7497"}],"curies":[{"name":"wp","href":"https:\/\/api.w.org\/{rel}","templated":true}]}}