{"id":7545,"date":"2024-02-20T19:59:41","date_gmt":"2024-02-20T18:59:41","guid":{"rendered":"https:\/\/pop-co.fr\/index.php\/product\/bitty-pop-star-wars-luke\/"},"modified":"2025-06-28T14:25:00","modified_gmt":"2025-06-28T12:25:00","slug":"bitty-pop-star-wars-luke","status":"publish","type":"product","link":"https:\/\/pop-co.fr\/index.php\/product\/bitty-pop-star-wars-luke\/","title":{"rendered":"BITTY POP &#8211; STAR WARS &#8211; Luke"},"content":{"rendered":"<p>Vos Pops ! pr\u00e9f\u00e9r\u00e9s ont \u00e9t\u00e9 r\u00e9tr\u00e9cis en Bitty Pops ! \u00c9largissez votre collection Star Wars avec cet assortiment de figurines Bitty Pop ! \u00e0 l&rsquo;effigie de vos h\u00e9ros et m\u00e9chants les plus appr\u00e9ci\u00e9s !<\/p>\n<p>Ce paquet de 4 comprend les figurines Bitty Pop ! Luke Skywalker, Bitty Pop ! Obi-Wan Kenobi, Bitty Pop ! Jawa, et une figurine Bitty Pop ! myst\u00e8re. Les Bitty Pops ! myst\u00e8res possibles sont les figurines Hyper Rare Stormtrooper et Grand Moff Tarkin ou les figurines Rare Tuskan Raider et Hammerhead !<\/p>\n<p>Les Bitty Pops ! sont emball\u00e9s dans des bo\u00eetes en acrylique dur avec des couvercles inf\u00e9rieurs amovibles. Les couvercles d\u00e9tachables servent \u00e9galement de bases acryliques sur lesquelles les figurines Bitty Pop ! sont coll\u00e9es. Les figurines en vinyle mesurent environ 2,5 cm.<\/p>\n","protected":false},"excerpt":{"rendered":"<p>Vos Pops ! pr\u00e9f\u00e9r\u00e9s ont \u00e9t\u00e9 r\u00e9tr\u00e9cis en Bitty Pops ! \u00c9largissez votre collection Star Wars avec cet assortiment de figurines Bitty Pop ! \u00e0 l&rsquo;effigie de vos h\u00e9ros et m\u00e9chants les plus appr\u00e9ci\u00e9s ! Ce paquet de 4 comprend les figurines Bitty Pop ! Luke Skywalker, Bitty Pop ! Obi-Wan Kenobi, Bitty Pop ! [&hellip;]<\/p>\n","protected":false},"featured_media":217677,"comment_status":"open","ping_status":"closed","template":"","meta":[],"product_cat":[43],"product_tag":[],"aioseo_notices":[],"jetpack_sharing_enabled":true,"_links":{"self":[{"href":"https:\/\/pop-co.fr\/index.php\/wp-json\/wp\/v2\/product\/7545"}],"collection":[{"href":"https:\/\/pop-co.fr\/index.php\/wp-json\/wp\/v2\/product"}],"about":[{"href":"https:\/\/pop-co.fr\/index.php\/wp-json\/wp\/v2\/types\/product"}],"replies":[{"embeddable":true,"href":"https:\/\/pop-co.fr\/index.php\/wp-json\/wp\/v2\/comments?post=7545"}],"version-history":[{"count":0,"href":"https:\/\/pop-co.fr\/index.php\/wp-json\/wp\/v2\/product\/7545\/revisions"}],"wp:featuredmedia":[{"embeddable":true,"href":"https:\/\/pop-co.fr\/index.php\/wp-json\/wp\/v2\/media\/217677"}],"wp:attachment":[{"href":"https:\/\/pop-co.fr\/index.php\/wp-json\/wp\/v2\/media?parent=7545"}],"wp:term":[{"taxonomy":"product_cat","embeddable":true,"href":"https:\/\/pop-co.fr\/index.php\/wp-json\/wp\/v2\/product_cat?post=7545"},{"taxonomy":"product_tag","embeddable":true,"href":"https:\/\/pop-co.fr\/index.php\/wp-json\/wp\/v2\/product_tag?post=7545"}],"curies":[{"name":"wp","href":"https:\/\/api.w.org\/{rel}","templated":true}]}}