{"id":7568,"date":"2024-02-20T20:00:05","date_gmt":"2024-02-20T19:00:05","guid":{"rendered":"https:\/\/pop-co.fr\/index.php\/product\/nbx-pop-n1358-sally-avec-pierre-tombale\/"},"modified":"2025-06-28T14:25:08","modified_gmt":"2025-06-28T12:25:08","slug":"nbx-pop-n1358-sally-avec-pierre-tombale","status":"publish","type":"product","link":"https:\/\/pop-co.fr\/index.php\/product\/nbx-pop-n1358-sally-avec-pierre-tombale\/","title":{"rendered":"NBX &#8211; POP N\u00b01358 Sally avec Pierre Tombale"},"content":{"rendered":"<p>C\u00e9l\u00e9brez les 30 ans de la sortie du film L&rsquo;\u00e9trange No\u00ebl de Monsieur Jack de Tim Burton ! En capturant vos personnages pr\u00e9f\u00e9r\u00e9s de ce conte fantastique, Funko a sorti une nouvelle ligne de figurines Pop ! Vinyl, parfaite pour les fans de la ville d&rsquo;Halloween.<\/p>\n<p>Ici, Sally se trouve dans le cimeti\u00e8re, o\u00f9 elle cherche d&rsquo;autres \u00e9l\u00e9ments essentiels empoisonn\u00e9s. Une dose suppl\u00e9mentaire de morelle lui apportera certainement la libert\u00e9 dont elle a besoin !<\/p>\n<p>Commandez la figurine Pop ! Vinyl Deluxe pour votre collection Funko d\u00e8s aujourd&rsquo;hui !<\/p>\n","protected":false},"excerpt":{"rendered":"<p>C\u00e9l\u00e9brez les 30 ans de la sortie du film L&rsquo;\u00e9trange No\u00ebl de Monsieur Jack de Tim Burton ! En capturant vos personnages pr\u00e9f\u00e9r\u00e9s de ce conte fantastique, Funko a sorti une nouvelle ligne de figurines Pop ! Vinyl, parfaite pour les fans de la ville d&rsquo;Halloween. Ici, Sally se trouve dans le cimeti\u00e8re, o\u00f9 elle [&hellip;]<\/p>\n","protected":false},"featured_media":172498,"comment_status":"open","ping_status":"closed","template":"","meta":[],"product_cat":[31],"product_tag":[],"aioseo_notices":[],"jetpack_sharing_enabled":true,"_links":{"self":[{"href":"https:\/\/pop-co.fr\/index.php\/wp-json\/wp\/v2\/product\/7568"}],"collection":[{"href":"https:\/\/pop-co.fr\/index.php\/wp-json\/wp\/v2\/product"}],"about":[{"href":"https:\/\/pop-co.fr\/index.php\/wp-json\/wp\/v2\/types\/product"}],"replies":[{"embeddable":true,"href":"https:\/\/pop-co.fr\/index.php\/wp-json\/wp\/v2\/comments?post=7568"}],"version-history":[{"count":0,"href":"https:\/\/pop-co.fr\/index.php\/wp-json\/wp\/v2\/product\/7568\/revisions"}],"wp:featuredmedia":[{"embeddable":true,"href":"https:\/\/pop-co.fr\/index.php\/wp-json\/wp\/v2\/media\/172498"}],"wp:attachment":[{"href":"https:\/\/pop-co.fr\/index.php\/wp-json\/wp\/v2\/media?parent=7568"}],"wp:term":[{"taxonomy":"product_cat","embeddable":true,"href":"https:\/\/pop-co.fr\/index.php\/wp-json\/wp\/v2\/product_cat?post=7568"},{"taxonomy":"product_tag","embeddable":true,"href":"https:\/\/pop-co.fr\/index.php\/wp-json\/wp\/v2\/product_tag?post=7568"}],"curies":[{"name":"wp","href":"https:\/\/api.w.org\/{rel}","templated":true}]}}