{"id":7592,"date":"2024-02-20T20:00:31","date_gmt":"2024-02-20T19:00:31","guid":{"rendered":"https:\/\/pop-co.fr\/index.php\/product\/boruto-pop-n1358-sarada-avec-sharingan\/"},"modified":"2025-09-10T15:28:05","modified_gmt":"2025-09-10T13:28:05","slug":"boruto-pop-n1358-sarada-avec-sharingan","status":"publish","type":"product","link":"https:\/\/pop-co.fr\/index.php\/product\/boruto-pop-n1358-sarada-avec-sharingan\/","title":{"rendered":"BORUTO &#8211; POP N\u00b01358 Sarada avec Sharingan"},"content":{"rendered":"<p>La nouvelle g\u00e9n\u00e9ration de ninjas est arriv\u00e9e ! Suivez Boruto avec Rasengan, Mitsuki avec Mains de Serpent, Sarada avec Sharingan, Shinki, et Sumire avec Nue alors qu&rsquo;ils sautent dans la m\u00eal\u00e9e \u00e0 pleine puissance. Le temps o\u00f9 Naruto, Sasuke et Sakura \u00e9taient sous les feux de la rampe est r\u00e9volu. Un nouveau groupe d&rsquo;adolescents est maintenant mis \u00e0 l&rsquo;\u00e9preuve !<\/p>\n<p>Ajoutez Sarada avec Sharingan de Naruto Next Generations en tant que figurine Pop ! Vinyl Figure \u00e0 votre collection Funko d\u00e8s aujourd&rsquo;hui !<\/p>\n","protected":false},"excerpt":{"rendered":"<p>La nouvelle g\u00e9n\u00e9ration de ninjas est arriv\u00e9e ! Suivez Boruto avec Rasengan, Mitsuki avec Mains de Serpent, Sarada avec Sharingan, Shinki, et Sumire avec Nue alors qu&rsquo;ils sautent dans la m\u00eal\u00e9e \u00e0 pleine puissance. Le temps o\u00f9 Naruto, Sasuke et Sakura \u00e9taient sous les feux de la rampe est r\u00e9volu. Un nouveau groupe d&rsquo;adolescents est [&hellip;]<\/p>\n","protected":false},"featured_media":358374,"comment_status":"open","ping_status":"closed","template":"","meta":[],"product_cat":[17,21],"product_tag":[],"aioseo_notices":[],"jetpack_sharing_enabled":true,"_links":{"self":[{"href":"https:\/\/pop-co.fr\/index.php\/wp-json\/wp\/v2\/product\/7592"}],"collection":[{"href":"https:\/\/pop-co.fr\/index.php\/wp-json\/wp\/v2\/product"}],"about":[{"href":"https:\/\/pop-co.fr\/index.php\/wp-json\/wp\/v2\/types\/product"}],"replies":[{"embeddable":true,"href":"https:\/\/pop-co.fr\/index.php\/wp-json\/wp\/v2\/comments?post=7592"}],"version-history":[{"count":0,"href":"https:\/\/pop-co.fr\/index.php\/wp-json\/wp\/v2\/product\/7592\/revisions"}],"wp:featuredmedia":[{"embeddable":true,"href":"https:\/\/pop-co.fr\/index.php\/wp-json\/wp\/v2\/media\/358374"}],"wp:attachment":[{"href":"https:\/\/pop-co.fr\/index.php\/wp-json\/wp\/v2\/media?parent=7592"}],"wp:term":[{"taxonomy":"product_cat","embeddable":true,"href":"https:\/\/pop-co.fr\/index.php\/wp-json\/wp\/v2\/product_cat?post=7592"},{"taxonomy":"product_tag","embeddable":true,"href":"https:\/\/pop-co.fr\/index.php\/wp-json\/wp\/v2\/product_tag?post=7592"}],"curies":[{"name":"wp","href":"https:\/\/api.w.org\/{rel}","templated":true}]}}