{"id":7602,"date":"2024-02-20T20:00:40","date_gmt":"2024-02-20T19:00:40","guid":{"rendered":"https:\/\/pop-co.fr\/index.php\/product\/boruto-pop-n1360-sumire-avec-nue\/"},"modified":"2025-07-29T10:57:47","modified_gmt":"2025-07-29T08:57:47","slug":"boruto-pop-n1360-sumire-avec-nue","status":"publish","type":"product","link":"https:\/\/pop-co.fr\/index.php\/product\/boruto-pop-n1360-sumire-avec-nue\/","title":{"rendered":"BORUTO &#8211; POP N\u00b01360 Sumire avec Nue"},"content":{"rendered":"<p>La nouvelle g\u00e9n\u00e9ration de ninjas est arriv\u00e9e ! Suivez Boruto avec Rasengan, Mitsuki avec Mains de Serpent, Sarada avec Sharingan, Shinki, et Sumire avec Nue alors qu&rsquo;ils sautent dans la m\u00eal\u00e9e \u00e0 pleine puissance. Le temps o\u00f9 Naruto, Sasuke et Sakura \u00e9taient sous les feux de la rampe est r\u00e9volu. Un nouveau groupe d&rsquo;adolescents est maintenant mis \u00e0 l&rsquo;\u00e9preuve !<\/p>\n<p>Ajoutez Sumire et Nue de Naruto Next Generations en tant que figurine Pop ! Vinyl Figure \u00e0 votre collection Funko d\u00e8s aujourd&rsquo;hui !<\/p>\n","protected":false},"excerpt":{"rendered":"<p>La nouvelle g\u00e9n\u00e9ration de ninjas est arriv\u00e9e ! Suivez Boruto avec Rasengan, Mitsuki avec Mains de Serpent, Sarada avec Sharingan, Shinki, et Sumire avec Nue alors qu&rsquo;ils sautent dans la m\u00eal\u00e9e \u00e0 pleine puissance. Le temps o\u00f9 Naruto, Sasuke et Sakura \u00e9taient sous les feux de la rampe est r\u00e9volu. Un nouveau groupe d&rsquo;adolescents est [&hellip;]<\/p>\n","protected":false},"featured_media":355857,"comment_status":"open","ping_status":"closed","template":"","meta":[],"product_cat":[17,21],"product_tag":[],"aioseo_notices":[],"jetpack_sharing_enabled":true,"_links":{"self":[{"href":"https:\/\/pop-co.fr\/index.php\/wp-json\/wp\/v2\/product\/7602"}],"collection":[{"href":"https:\/\/pop-co.fr\/index.php\/wp-json\/wp\/v2\/product"}],"about":[{"href":"https:\/\/pop-co.fr\/index.php\/wp-json\/wp\/v2\/types\/product"}],"replies":[{"embeddable":true,"href":"https:\/\/pop-co.fr\/index.php\/wp-json\/wp\/v2\/comments?post=7602"}],"version-history":[{"count":0,"href":"https:\/\/pop-co.fr\/index.php\/wp-json\/wp\/v2\/product\/7602\/revisions"}],"wp:featuredmedia":[{"embeddable":true,"href":"https:\/\/pop-co.fr\/index.php\/wp-json\/wp\/v2\/media\/355857"}],"wp:attachment":[{"href":"https:\/\/pop-co.fr\/index.php\/wp-json\/wp\/v2\/media?parent=7602"}],"wp:term":[{"taxonomy":"product_cat","embeddable":true,"href":"https:\/\/pop-co.fr\/index.php\/wp-json\/wp\/v2\/product_cat?post=7602"},{"taxonomy":"product_tag","embeddable":true,"href":"https:\/\/pop-co.fr\/index.php\/wp-json\/wp\/v2\/product_tag?post=7602"}],"curies":[{"name":"wp","href":"https:\/\/api.w.org\/{rel}","templated":true}]}}