{"id":7741,"date":"2024-02-20T20:05:03","date_gmt":"2024-02-20T19:05:03","guid":{"rendered":"https:\/\/pop-co.fr\/index.php\/product\/mug-thermoreactif-game-of-thrones-westeros-map\/"},"modified":"2025-07-29T10:57:28","modified_gmt":"2025-07-29T08:57:28","slug":"mug-thermoreactif-game-of-thrones-westeros-map","status":"publish","type":"product","link":"https:\/\/pop-co.fr\/index.php\/product\/mug-thermoreactif-game-of-thrones-westeros-map\/","title":{"rendered":"MUG THERMOREACTIF &#8211; GAME OF THRONES &#8211; Westeros Map"},"content":{"rendered":"<p>Cette tasse thermo-adh\u00e9sive Game of Thrones Westeros vous permettra de bien commencer la matin\u00e9e. Froide, la tasse montre la phrase \u00ab\u00a0Tous les hommes doivent servir\u00a0\u00bb et sa traduction en haut valyrien \u00ab\u00a0Valar Dohaeris\u00a0\u00bb sur le devant, et \u00ab\u00a0Tous les hommes doivent mourir\u00a0\u00bb et sa traduction \u00ab\u00a0Valar Morghulis\u00a0\u00bb au verso. Lorsque le liquide chaud est vers\u00e9, la tasse se transforme pour r\u00e9v\u00e9ler les cartes des continents Westeros et Essos. Une fois la boisson termin\u00e9e, la tasse reprend son \u00e9tat initial en se refroidissant. Un \u00e9l\u00e9ment essentiel pour tout affichage Game of Thrones.<\/p>\n<p>Dimensions: 400 ml &#8211; 12,5 (l) x 10 (h) x 9,5 (d) cm<br \/>\nEmballage: bo\u00eete cadeau<br \/>\nComposition: gr\u00e8s<\/p>\n","protected":false},"excerpt":{"rendered":"<p>Cette tasse thermo-adh\u00e9sive Game of Thrones Westeros vous permettra de bien commencer la matin\u00e9e. Froide, la tasse montre la phrase \u00ab\u00a0Tous les hommes doivent servir\u00a0\u00bb et sa traduction en haut valyrien \u00ab\u00a0Valar Dohaeris\u00a0\u00bb sur le devant, et \u00ab\u00a0Tous les hommes doivent mourir\u00a0\u00bb et sa traduction \u00ab\u00a0Valar Morghulis\u00a0\u00bb au verso. Lorsque le liquide chaud est vers\u00e9, [&hellip;]<\/p>\n","protected":false},"featured_media":355850,"comment_status":"open","ping_status":"closed","template":"","meta":[],"product_cat":[39],"product_tag":[],"aioseo_notices":[],"jetpack_sharing_enabled":true,"_links":{"self":[{"href":"https:\/\/pop-co.fr\/index.php\/wp-json\/wp\/v2\/product\/7741"}],"collection":[{"href":"https:\/\/pop-co.fr\/index.php\/wp-json\/wp\/v2\/product"}],"about":[{"href":"https:\/\/pop-co.fr\/index.php\/wp-json\/wp\/v2\/types\/product"}],"replies":[{"embeddable":true,"href":"https:\/\/pop-co.fr\/index.php\/wp-json\/wp\/v2\/comments?post=7741"}],"version-history":[{"count":0,"href":"https:\/\/pop-co.fr\/index.php\/wp-json\/wp\/v2\/product\/7741\/revisions"}],"wp:featuredmedia":[{"embeddable":true,"href":"https:\/\/pop-co.fr\/index.php\/wp-json\/wp\/v2\/media\/355850"}],"wp:attachment":[{"href":"https:\/\/pop-co.fr\/index.php\/wp-json\/wp\/v2\/media?parent=7741"}],"wp:term":[{"taxonomy":"product_cat","embeddable":true,"href":"https:\/\/pop-co.fr\/index.php\/wp-json\/wp\/v2\/product_cat?post=7741"},{"taxonomy":"product_tag","embeddable":true,"href":"https:\/\/pop-co.fr\/index.php\/wp-json\/wp\/v2\/product_tag?post=7741"}],"curies":[{"name":"wp","href":"https:\/\/api.w.org\/{rel}","templated":true}]}}