{"id":7774,"date":"2024-02-20T20:05:41","date_gmt":"2024-02-20T19:05:41","guid":{"rendered":"https:\/\/pop-co.fr\/index.php\/product\/portefeuille-loungefly-stranger-things-upside-down\/"},"modified":"2025-07-29T10:57:23","modified_gmt":"2025-07-29T08:57:23","slug":"portefeuille-loungefly-stranger-things-upside-down","status":"publish","type":"product","link":"https:\/\/pop-co.fr\/index.php\/product\/portefeuille-loungefly-stranger-things-upside-down\/","title":{"rendered":"PORTEFEUILLE LOUNGEFLY &#8211; STRANGER THINGS &#8211; Upside down"},"content":{"rendered":"<p>Affrontez les cr\u00e9atures de l&rsquo;Upside Down avec style! Notre portefeuille Loungefly Netflix Stranger Things Upside Down Shadows Zip-Around est pr\u00eat pour vos aventures. Cet accessoire fascinant pr\u00e9sente les ombres d&rsquo;Eleven, Dustin, Lucas, Max, Will et Mike alors qu&rsquo;ils se tiennent au bord de l&rsquo;Upside Down. Un fond bleu nuit, avec des gravures de branches d&rsquo;arbres et d&rsquo;\u00e9toiles, cr\u00e9e un contraste myst\u00e9rieux et dramatique. En dessous d&rsquo;eux, l&rsquo;Upside Down appara\u00eet en rouge, avec des \u00e9clairs. L&rsquo;ombre de Vecna plane, \u00e0 l&rsquo;envers, avec des Demobats volant \u00e0 travers les arbres. \u00c0 l&rsquo;arri\u00e8re, les mots suivants apparaissent en rouge et bleu: \u00ab\u00a0Une guerre arrive \u00e0 Hawkins\u00a0\u00bb. \u00c0 l&rsquo;int\u00e9rieur, il y a 5 fentes pour contenir des cartes et 1 fente claire pour afficher votre pi\u00e8ce d&rsquo;identit\u00e9. Une d\u00e9coupe en forme de Demogorgon ajoute une touche unique. \u00c9quipez-vous pour des aventures amusantes et montrez votre style de fandom pr\u00e9f\u00e9r\u00e9. <\/p>\n<p>Le portefeuille Loungefly Netflix Stranger Things Upside Down Shadows Zip-Around est en similicuir vegan (polyur\u00e9thane). Le portefeuille se ferme avec une fermeture \u00e9clair avec des d\u00e9tails en m\u00e9tal argent\u00e9 brillant. Les autres caract\u00e9ristiques comprennent des d\u00e9tails appliqu\u00e9s, brod\u00e9s, en relief et imprim\u00e9s. Notez la doublure int\u00e9rieure coordonn\u00e9e. <\/p>\n<p>Ce portefeuille est un produit Netflix sous licence officielle. Dimensions du portefeuille: 6 \u00ab\u00a0L x 4\u00a0\u00bb H.<\/p>\n","protected":false},"excerpt":{"rendered":"<p>Affrontez les cr\u00e9atures de l&rsquo;Upside Down avec style! Notre portefeuille Loungefly Netflix Stranger Things Upside Down Shadows Zip-Around est pr\u00eat pour vos aventures. Cet accessoire fascinant pr\u00e9sente les ombres d&rsquo;Eleven, Dustin, Lucas, Max, Will et Mike alors qu&rsquo;ils se tiennent au bord de l&rsquo;Upside Down. Un fond bleu nuit, avec des gravures de branches d&rsquo;arbres [&hellip;]<\/p>\n","protected":false},"featured_media":355846,"comment_status":"open","ping_status":"closed","template":"","meta":[],"product_cat":[47,48],"product_tag":[],"aioseo_notices":[],"jetpack_sharing_enabled":true,"_links":{"self":[{"href":"https:\/\/pop-co.fr\/index.php\/wp-json\/wp\/v2\/product\/7774"}],"collection":[{"href":"https:\/\/pop-co.fr\/index.php\/wp-json\/wp\/v2\/product"}],"about":[{"href":"https:\/\/pop-co.fr\/index.php\/wp-json\/wp\/v2\/types\/product"}],"replies":[{"embeddable":true,"href":"https:\/\/pop-co.fr\/index.php\/wp-json\/wp\/v2\/comments?post=7774"}],"version-history":[{"count":0,"href":"https:\/\/pop-co.fr\/index.php\/wp-json\/wp\/v2\/product\/7774\/revisions"}],"wp:featuredmedia":[{"embeddable":true,"href":"https:\/\/pop-co.fr\/index.php\/wp-json\/wp\/v2\/media\/355846"}],"wp:attachment":[{"href":"https:\/\/pop-co.fr\/index.php\/wp-json\/wp\/v2\/media?parent=7774"}],"wp:term":[{"taxonomy":"product_cat","embeddable":true,"href":"https:\/\/pop-co.fr\/index.php\/wp-json\/wp\/v2\/product_cat?post=7774"},{"taxonomy":"product_tag","embeddable":true,"href":"https:\/\/pop-co.fr\/index.php\/wp-json\/wp\/v2\/product_tag?post=7774"}],"curies":[{"name":"wp","href":"https:\/\/api.w.org\/{rel}","templated":true}]}}