{"id":7815,"date":"2024-02-20T20:06:27","date_gmt":"2024-02-20T19:06:27","guid":{"rendered":"https:\/\/pop-co.fr\/index.php\/product\/calice-nbx-halloween-town\/"},"modified":"2025-06-28T14:29:03","modified_gmt":"2025-06-28T12:29:03","slug":"calice-nbx-halloween-town","status":"publish","type":"product","link":"https:\/\/pop-co.fr\/index.php\/product\/calice-nbx-halloween-town\/","title":{"rendered":"CALICE &#8211; NBX &#8211; Halloween Town"},"content":{"rendered":"<p>Le calice officiel de Halloween Town. Ce gobelet d\u00e9coratif en acier inoxydable est orn\u00e9 d&rsquo;images effrayantes tir\u00e9es de The Nightmare Before Christmas (L&rsquo;\u00c9trange No\u00ebl de monsieur Jack) &#038; de 16 fausses pierres pr\u00e9cieuses qui scintillent au clair de lune. Livr\u00e9 dans une bo\u00eete cadeau. Cet objet n&rsquo;est pas un jouet ou un produit pour enfants. Destin\u00e9 aux adultes uniquement.<\/p>\n<p>Statuette Gobelet &rsquo;18x9x9&prime;<\/p>\n","protected":false},"excerpt":{"rendered":"<p>Le calice officiel de Halloween Town. Ce gobelet d\u00e9coratif en acier inoxydable est orn\u00e9 d&rsquo;images effrayantes tir\u00e9es de The Nightmare Before Christmas (L&rsquo;\u00c9trange No\u00ebl de monsieur Jack) &#038; de 16 fausses pierres pr\u00e9cieuses qui scintillent au clair de lune. Livr\u00e9 dans une bo\u00eete cadeau. Cet objet n&rsquo;est pas un jouet ou un produit pour enfants. [&hellip;]<\/p>\n","protected":false},"featured_media":337320,"comment_status":"open","ping_status":"closed","template":"","meta":[],"product_cat":[31],"product_tag":[],"aioseo_notices":[],"jetpack_sharing_enabled":true,"_links":{"self":[{"href":"https:\/\/pop-co.fr\/index.php\/wp-json\/wp\/v2\/product\/7815"}],"collection":[{"href":"https:\/\/pop-co.fr\/index.php\/wp-json\/wp\/v2\/product"}],"about":[{"href":"https:\/\/pop-co.fr\/index.php\/wp-json\/wp\/v2\/types\/product"}],"replies":[{"embeddable":true,"href":"https:\/\/pop-co.fr\/index.php\/wp-json\/wp\/v2\/comments?post=7815"}],"version-history":[{"count":0,"href":"https:\/\/pop-co.fr\/index.php\/wp-json\/wp\/v2\/product\/7815\/revisions"}],"wp:featuredmedia":[{"embeddable":true,"href":"https:\/\/pop-co.fr\/index.php\/wp-json\/wp\/v2\/media\/337320"}],"wp:attachment":[{"href":"https:\/\/pop-co.fr\/index.php\/wp-json\/wp\/v2\/media?parent=7815"}],"wp:term":[{"taxonomy":"product_cat","embeddable":true,"href":"https:\/\/pop-co.fr\/index.php\/wp-json\/wp\/v2\/product_cat?post=7815"},{"taxonomy":"product_tag","embeddable":true,"href":"https:\/\/pop-co.fr\/index.php\/wp-json\/wp\/v2\/product_tag?post=7815"}],"curies":[{"name":"wp","href":"https:\/\/api.w.org\/{rel}","templated":true}]}}