{"id":7836,"date":"2024-02-20T20:07:09","date_gmt":"2024-02-20T19:07:09","guid":{"rendered":"https:\/\/pop-co.fr\/index.php\/product\/mug-retour-vers-le-futur-tableau-de-bord\/"},"modified":"2024-02-20T20:07:09","modified_gmt":"2024-02-20T19:07:09","slug":"mug-retour-vers-le-futur-tableau-de-bord","status":"publish","type":"product","link":"https:\/\/pop-co.fr\/index.php\/product\/mug-retour-vers-le-futur-tableau-de-bord\/","title":{"rendered":"MUG &#8211; RETOUR VERS LE FUTUR &#8211; Tableau de bord"},"content":{"rendered":"<p>Si vous souhaitez voyager dans le temps, c&rsquo;est d\u00e9sormais possible, ne serait-ce qu&rsquo;en faisant appel \u00e0 votre imagination tout en buvant votre caf\u00e9 dans la tasse en c\u00e9ramique illustr\u00e9e par le panneau de commande de la Delorean de la saga \u00ab\u00a0Retour vers le futur\u00a0\u00bb. D\u00e9connectez-vous du pr\u00e9sent pour un moment ! Pr\u00e9sent\u00e9 dans une bo\u00eete transparente, il passe au micro-ondes et au lave-vaisselle.<\/p>\n","protected":false},"excerpt":{"rendered":"<p>Si vous souhaitez voyager dans le temps, c&rsquo;est d\u00e9sormais possible, ne serait-ce qu&rsquo;en faisant appel \u00e0 votre imagination tout en buvant votre caf\u00e9 dans la tasse en c\u00e9ramique illustr\u00e9e par le panneau de commande de la Delorean de la saga \u00ab\u00a0Retour vers le futur\u00a0\u00bb. D\u00e9connectez-vous du pr\u00e9sent pour un moment ! Pr\u00e9sent\u00e9 dans une bo\u00eete [&hellip;]<\/p>\n","protected":false},"featured_media":7834,"comment_status":"open","ping_status":"closed","template":"","meta":[],"product_cat":[39],"product_tag":[],"aioseo_notices":[],"jetpack_sharing_enabled":true,"_links":{"self":[{"href":"https:\/\/pop-co.fr\/index.php\/wp-json\/wp\/v2\/product\/7836"}],"collection":[{"href":"https:\/\/pop-co.fr\/index.php\/wp-json\/wp\/v2\/product"}],"about":[{"href":"https:\/\/pop-co.fr\/index.php\/wp-json\/wp\/v2\/types\/product"}],"replies":[{"embeddable":true,"href":"https:\/\/pop-co.fr\/index.php\/wp-json\/wp\/v2\/comments?post=7836"}],"version-history":[{"count":0,"href":"https:\/\/pop-co.fr\/index.php\/wp-json\/wp\/v2\/product\/7836\/revisions"}],"wp:featuredmedia":[{"embeddable":true,"href":"https:\/\/pop-co.fr\/index.php\/wp-json\/wp\/v2\/media\/7834"}],"wp:attachment":[{"href":"https:\/\/pop-co.fr\/index.php\/wp-json\/wp\/v2\/media?parent=7836"}],"wp:term":[{"taxonomy":"product_cat","embeddable":true,"href":"https:\/\/pop-co.fr\/index.php\/wp-json\/wp\/v2\/product_cat?post=7836"},{"taxonomy":"product_tag","embeddable":true,"href":"https:\/\/pop-co.fr\/index.php\/wp-json\/wp\/v2\/product_tag?post=7836"}],"curies":[{"name":"wp","href":"https:\/\/api.w.org\/{rel}","templated":true}]}}