{"id":7853,"date":"2024-02-20T20:07:29","date_gmt":"2024-02-20T19:07:29","guid":{"rendered":"https:\/\/pop-co.fr\/index.php\/product\/pot-a-crayons-disney-stitch\/"},"modified":"2025-06-28T14:29:40","modified_gmt":"2025-06-28T12:29:40","slug":"pot-a-crayons-disney-stitch","status":"publish","type":"product","link":"https:\/\/pop-co.fr\/index.php\/product\/pot-a-crayons-disney-stitch\/","title":{"rendered":"POT A CRAYONS &#8211; DISNEY &#8211; Stitch"},"content":{"rendered":"<p>Porte-crayon officiel Stitch id\u00e9al pour votre bureau. Fabriqu\u00e9 en r\u00e9sine et peint en couleur. Dimensions : 195 x 125 x 165 mm.<\/p>\n","protected":false},"excerpt":{"rendered":"<p>Porte-crayon officiel Stitch id\u00e9al pour votre bureau. Fabriqu\u00e9 en r\u00e9sine et peint en couleur. Dimensions : 195 x 125 x 165 mm.<\/p>\n","protected":false},"featured_media":346717,"comment_status":"open","ping_status":"closed","template":"","meta":[],"product_cat":[30],"product_tag":[],"aioseo_notices":[],"jetpack_sharing_enabled":true,"_links":{"self":[{"href":"https:\/\/pop-co.fr\/index.php\/wp-json\/wp\/v2\/product\/7853"}],"collection":[{"href":"https:\/\/pop-co.fr\/index.php\/wp-json\/wp\/v2\/product"}],"about":[{"href":"https:\/\/pop-co.fr\/index.php\/wp-json\/wp\/v2\/types\/product"}],"replies":[{"embeddable":true,"href":"https:\/\/pop-co.fr\/index.php\/wp-json\/wp\/v2\/comments?post=7853"}],"version-history":[{"count":0,"href":"https:\/\/pop-co.fr\/index.php\/wp-json\/wp\/v2\/product\/7853\/revisions"}],"wp:featuredmedia":[{"embeddable":true,"href":"https:\/\/pop-co.fr\/index.php\/wp-json\/wp\/v2\/media\/346717"}],"wp:attachment":[{"href":"https:\/\/pop-co.fr\/index.php\/wp-json\/wp\/v2\/media?parent=7853"}],"wp:term":[{"taxonomy":"product_cat","embeddable":true,"href":"https:\/\/pop-co.fr\/index.php\/wp-json\/wp\/v2\/product_cat?post=7853"},{"taxonomy":"product_tag","embeddable":true,"href":"https:\/\/pop-co.fr\/index.php\/wp-json\/wp\/v2\/product_tag?post=7853"}],"curies":[{"name":"wp","href":"https:\/\/api.w.org\/{rel}","templated":true}]}}