{"id":7971,"date":"2024-02-20T20:09:35","date_gmt":"2024-02-20T19:09:35","guid":{"rendered":"https:\/\/pop-co.fr\/index.php\/product\/tokyo-revengers-chifuyu-matsuno-figurine-17cm-2\/"},"modified":"2025-07-29T10:56:41","modified_gmt":"2025-07-29T08:56:41","slug":"tokyo-revengers-chifuyu-matsuno-figurine-17cm-2","status":"publish","type":"product","link":"https:\/\/pop-co.fr\/index.php\/product\/tokyo-revengers-chifuyu-matsuno-figurine-17cm-2\/","title":{"rendered":"TOKYO REVENGERS &#8211; Chifuyu Matsuno &#8211; Figurine 17cm"},"content":{"rendered":"<p>Figurine 17cm<br \/>\nComposition : PVC<\/p>\n<p>\u00ab\u00a0Concentre-toi sur l&rsquo;ennemi juste en face de toi, partenaire. J&rsquo;assure tes arri\u00e8res.\u00a0\u00bb<\/p>\n<p>POP UP PARADE est une s\u00e9rie de figurines faciles \u00e0 collectionner avec des prix abordables et des sorties rapides ! Chaque figurine mesure g\u00e9n\u00e9ralement entre 17 et 18 cm (6,69-7,08in) de haut et la s\u00e9rie comprend une vaste s\u00e9lection de personnages issus de s\u00e9ries d&rsquo;anime et de jeux populaires, et bien d&rsquo;autres seront ajout\u00e9s prochainement !<br \/>\nDe la s\u00e9rie anim\u00e9e populaire \u00ab\u00a0Tokyo Revengers\u00a0\u00bb vient une figurine POP UP PARADE de Chifuyu Matsuno dans son uniforme de tokkofuku. Appr\u00e9ciez la pose digne du vice-capitaine du Tokyo Manji Gang.<\/p>\n<p>Sculpteur : Magical Girl ? Haruyuki<\/p>\n<p>Sp\u00e9cifications :<\/p>\n<p>Plastique peint, produit complet sans \u00e9chelle avec support inclus. Hauteur approximative de 175 mm (6,88 pouces).<\/p>\n","protected":false},"excerpt":{"rendered":"<p>Figurine 17cm Composition : PVC \u00ab\u00a0Concentre-toi sur l&rsquo;ennemi juste en face de toi, partenaire. J&rsquo;assure tes arri\u00e8res.\u00a0\u00bb POP UP PARADE est une s\u00e9rie de figurines faciles \u00e0 collectionner avec des prix abordables et des sorties rapides ! Chaque figurine mesure g\u00e9n\u00e9ralement entre 17 et 18 cm (6,69-7,08in) de haut et la s\u00e9rie comprend une vaste [&hellip;]<\/p>\n","protected":false},"featured_media":355823,"comment_status":"open","ping_status":"closed","template":"","meta":[],"product_cat":[17,27],"product_tag":[],"aioseo_notices":[],"jetpack_sharing_enabled":true,"_links":{"self":[{"href":"https:\/\/pop-co.fr\/index.php\/wp-json\/wp\/v2\/product\/7971"}],"collection":[{"href":"https:\/\/pop-co.fr\/index.php\/wp-json\/wp\/v2\/product"}],"about":[{"href":"https:\/\/pop-co.fr\/index.php\/wp-json\/wp\/v2\/types\/product"}],"replies":[{"embeddable":true,"href":"https:\/\/pop-co.fr\/index.php\/wp-json\/wp\/v2\/comments?post=7971"}],"version-history":[{"count":0,"href":"https:\/\/pop-co.fr\/index.php\/wp-json\/wp\/v2\/product\/7971\/revisions"}],"wp:featuredmedia":[{"embeddable":true,"href":"https:\/\/pop-co.fr\/index.php\/wp-json\/wp\/v2\/media\/355823"}],"wp:attachment":[{"href":"https:\/\/pop-co.fr\/index.php\/wp-json\/wp\/v2\/media?parent=7971"}],"wp:term":[{"taxonomy":"product_cat","embeddable":true,"href":"https:\/\/pop-co.fr\/index.php\/wp-json\/wp\/v2\/product_cat?post=7971"},{"taxonomy":"product_tag","embeddable":true,"href":"https:\/\/pop-co.fr\/index.php\/wp-json\/wp\/v2\/product_tag?post=7971"}],"curies":[{"name":"wp","href":"https:\/\/api.w.org\/{rel}","templated":true}]}}