{"id":7987,"date":"2024-02-20T20:09:57","date_gmt":"2024-02-20T19:09:57","guid":{"rendered":"https:\/\/pop-co.fr\/index.php\/product\/service-a-the-disney-theiere-mug-mickey-mouse-club\/"},"modified":"2025-07-29T10:56:33","modified_gmt":"2025-07-29T08:56:33","slug":"service-a-the-disney-theiere-mug-mickey-mouse-club","status":"publish","type":"product","link":"https:\/\/pop-co.fr\/index.php\/product\/service-a-the-disney-theiere-mug-mickey-mouse-club\/","title":{"rendered":"SERVICE A THE &#8211; DISNEY &#8211; Th\u00e9i\u00e8re + MUG Mickey Mouse club"},"content":{"rendered":"<p>Composition : C\u00e9ramique<br \/>\nDimension : 13,2 (h)x 11,3 (l)x 14 (p)cm<br \/>\nPasse au lave-vaisselle et au micro-ondes<\/p>\n","protected":false},"excerpt":{"rendered":"<p>Composition : C\u00e9ramique Dimension : 13,2 (h)x 11,3 (l)x 14 (p)cm Passe au lave-vaisselle et au micro-ondes<\/p>\n","protected":false},"featured_media":355819,"comment_status":"open","ping_status":"closed","template":"","meta":[],"product_cat":[29],"product_tag":[],"aioseo_notices":[],"jetpack_sharing_enabled":true,"_links":{"self":[{"href":"https:\/\/pop-co.fr\/index.php\/wp-json\/wp\/v2\/product\/7987"}],"collection":[{"href":"https:\/\/pop-co.fr\/index.php\/wp-json\/wp\/v2\/product"}],"about":[{"href":"https:\/\/pop-co.fr\/index.php\/wp-json\/wp\/v2\/types\/product"}],"replies":[{"embeddable":true,"href":"https:\/\/pop-co.fr\/index.php\/wp-json\/wp\/v2\/comments?post=7987"}],"version-history":[{"count":1,"href":"https:\/\/pop-co.fr\/index.php\/wp-json\/wp\/v2\/product\/7987\/revisions"}],"predecessor-version":[{"id":354194,"href":"https:\/\/pop-co.fr\/index.php\/wp-json\/wp\/v2\/product\/7987\/revisions\/354194"}],"wp:featuredmedia":[{"embeddable":true,"href":"https:\/\/pop-co.fr\/index.php\/wp-json\/wp\/v2\/media\/355819"}],"wp:attachment":[{"href":"https:\/\/pop-co.fr\/index.php\/wp-json\/wp\/v2\/media?parent=7987"}],"wp:term":[{"taxonomy":"product_cat","embeddable":true,"href":"https:\/\/pop-co.fr\/index.php\/wp-json\/wp\/v2\/product_cat?post=7987"},{"taxonomy":"product_tag","embeddable":true,"href":"https:\/\/pop-co.fr\/index.php\/wp-json\/wp\/v2\/product_tag?post=7987"}],"curies":[{"name":"wp","href":"https:\/\/api.w.org\/{rel}","templated":true}]}}