{"id":8020,"date":"2024-02-20T20:10:29","date_gmt":"2024-02-20T19:10:29","guid":{"rendered":"https:\/\/pop-co.fr\/index.php\/product\/fate-grand-carnival-mash-kyrielight-figurine-17cm\/"},"modified":"2025-07-29T10:56:26","modified_gmt":"2025-07-29T08:56:26","slug":"fate-grand-carnival-mash-kyrielight-figurine-17cm","status":"publish","type":"product","link":"https:\/\/pop-co.fr\/index.php\/product\/fate-grand-carnival-mash-kyrielight-figurine-17cm\/","title":{"rendered":"FATE\/GRAND CARNIVAL &#8211; Mash Kyrielight &#8211; Figurine 17cm"},"content":{"rendered":"<p>Figurine 17cm<br \/>\nComposition : PVC<\/p>\n<p>POP UP PARADE est une s\u00e9rie de figurines faciles \u00e0 collectionner avec des prix abordables et des sorties rapides ! Chaque figurine mesure g\u00e9n\u00e9ralement entre 17 et 18 cm de haut et la s\u00e9rie comprend une vaste s\u00e9lection de personnages issus de s\u00e9ries d&rsquo;anime et de jeux populaires, et de nombreux autres personnages seront bient\u00f4t ajout\u00e9s !<\/p>\n<p>De l&rsquo;OVA \u00ab\u00a0Fate\/Grand Carnaval\u00a0\u00bb vient une figurine POP UP PARADE de la Demi-Servante Mash Kyrielight ! Mash a \u00e9t\u00e9 captur\u00e9 en forme de figurine dans une pose \u00e9nergique, oubliant les batailles f\u00e9roces des Singularit\u00e9s.<\/p>\n<p>Sculpteur : mayaka<\/p>\n","protected":false},"excerpt":{"rendered":"<p>Figurine 17cm Composition : PVC POP UP PARADE est une s\u00e9rie de figurines faciles \u00e0 collectionner avec des prix abordables et des sorties rapides ! Chaque figurine mesure g\u00e9n\u00e9ralement entre 17 et 18 cm de haut et la s\u00e9rie comprend une vaste s\u00e9lection de personnages issus de s\u00e9ries d&rsquo;anime et de jeux populaires, et de [&hellip;]<\/p>\n","protected":false},"featured_media":355815,"comment_status":"open","ping_status":"closed","template":"","meta":[],"product_cat":[18,17],"product_tag":[],"aioseo_notices":[],"jetpack_sharing_enabled":true,"_links":{"self":[{"href":"https:\/\/pop-co.fr\/index.php\/wp-json\/wp\/v2\/product\/8020"}],"collection":[{"href":"https:\/\/pop-co.fr\/index.php\/wp-json\/wp\/v2\/product"}],"about":[{"href":"https:\/\/pop-co.fr\/index.php\/wp-json\/wp\/v2\/types\/product"}],"replies":[{"embeddable":true,"href":"https:\/\/pop-co.fr\/index.php\/wp-json\/wp\/v2\/comments?post=8020"}],"version-history":[{"count":0,"href":"https:\/\/pop-co.fr\/index.php\/wp-json\/wp\/v2\/product\/8020\/revisions"}],"wp:featuredmedia":[{"embeddable":true,"href":"https:\/\/pop-co.fr\/index.php\/wp-json\/wp\/v2\/media\/355815"}],"wp:attachment":[{"href":"https:\/\/pop-co.fr\/index.php\/wp-json\/wp\/v2\/media?parent=8020"}],"wp:term":[{"taxonomy":"product_cat","embeddable":true,"href":"https:\/\/pop-co.fr\/index.php\/wp-json\/wp\/v2\/product_cat?post=8020"},{"taxonomy":"product_tag","embeddable":true,"href":"https:\/\/pop-co.fr\/index.php\/wp-json\/wp\/v2\/product_tag?post=8020"}],"curies":[{"name":"wp","href":"https:\/\/api.w.org\/{rel}","templated":true}]}}